{"id":276,"date":"2019-06-18T16:31:28","date_gmt":"2019-06-18T16:31:28","guid":{"rendered":"https:\/\/2019.lodz.wordcamp.org\/?page_id=276"},"modified":"2019-11-20T09:17:36","modified_gmt":"2019-11-20T09:17:36","slug":"czym-jest-contributor-day","status":"publish","type":"page","link":"https:\/\/lodz.wordcamp.org\/2019\/czym-jest-contributor-day\/","title":{"rendered":"Czym jest Contributor Day?"},"content":{"rendered":"\n<figure class=\"wp-block-image\"><img loading=\"lazy\" decoding=\"async\" width=\"1024\" height=\"512\" src=\"https:\/\/2019.lodz.wordcamp.org\/files\/2019\/06\/czym-jest-contributor-day-1024x512.jpg\" alt=\"\" class=\"wp-image-277\" srcset=\"https:\/\/lodz.wordcamp.org\/2019\/files\/2019\/06\/czym-jest-contributor-day-1024x512.jpg 1024w, https:\/\/lodz.wordcamp.org\/2019\/files\/2019\/06\/czym-jest-contributor-day-300x150.jpg 300w, https:\/\/lodz.wordcamp.org\/2019\/files\/2019\/06\/czym-jest-contributor-day-768x384.jpg 768w, https:\/\/lodz.wordcamp.org\/2019\/files\/2019\/06\/czym-jest-contributor-day-500x250.jpg 500w, https:\/\/lodz.wordcamp.org\/2019\/files\/2019\/06\/czym-jest-contributor-day.jpg 1200w\" sizes=\"auto, (max-width: 1024px) 100vw, 1024px\" \/><figcaption>Zdj\u0119cie: Wojtek R\u00f3wnanek rownanek.art.pl<\/figcaption><\/figure>\n\n\n\n<p>Planuj\u0105c udzia\u0142 w zbli\u017caj\u0105cym si\u0119 <strong>WordCamp \u0141\u00f3d\u017a<\/strong> warto wzi\u0105\u0107 pod uwag\u0119 r\u00f3wnie\u017c udzia\u0142 w <strong>Contributor Day<\/strong>. Odb\u0119dzie si\u0119 on w pi\u0105tek, 22 listopada 2019 w <a href=\"https:\/\/2019.lodz.wordcamp.org\/lokalizacja\/\">Hotelu Ambasador Premium<\/a> w \u0141odzi przy ulicy Jana Kili\u0144skiego 145.<\/p>\n\n\n\n<p>W trakcie kilku ostatnich WordUp\u00f3w i innych meetup\u00f3w IT pytali\u015bmy si\u0119 Was czy kiedykolwiek wzi\u0119li\u015bcie udzia\u0142 w Contributor Day. Najcz\u0119stsz\u0105 odpowiedzi\u0105 by\u0142o: &#8222;nie wiedzia\u0142em czym jest Contributor Day&#8221; lub &#8222;jako pocz\u0105tkuj\u0105cy deweloper nie czuje si\u0119 na si\u0142ach wzi\u0105\u0107 w nim udzia\u0142&#8221;. <\/p>\n\n\n\n<p>Musicie wiedzie\u0107, \u017ce ten dzie\u0144 jest dla <strong>wszystkich<\/strong>, nie tylko dla deweloper\u00f3w WordPressa z d\u0142ugoletnim sta\u017cem. Dos\u0142ownie ka\u017cdy z Was mo\u017ce wzi\u0105\u0107 w nim udzia\u0142 niezale\u017cnie od umiej\u0119tno\u015bci i do\u015bwiadcze\u0144, ka\u017cdy znajdzie dla siebie odpowiednie grono do rozm\u00f3w. Nie obawiajcie si\u0119 i nie wstyd\u017acie udzia\u0142u.<\/p>\n\n\n\n<p>Niezale\u017cnie od tego czy jeste\u015bcie WordPress deweloperami czy copywriterami, specjalistami od e-marketingu, mo\u017cecie do\u0142\u0105czy\u0107 do jednej z grup, kt\u00f3re b\u0119d\u0105 na Was czeka\u0107. <\/p>\n\n\n\n<p>G\u0142\u00f3wnym za\u0142o\u017ceniem jest integracja w grupach oraz wymiana wiedzy oraz pomys\u0142\u00f3w. Podczas spotkania wszyscy b\u0119d\u0105 mieli okazj\u0119 wspom\u00f3c polsk\u0105 spo\u0142eczno\u015b\u0107 WordPressa poprzez omawianie spraw zwi\u0105zanych z organizacj\u0105 lokalnych wordpressowych meetup\u00f3w, pomagaj\u0105c innym u\u017cytkownikom na oficjalnym forum pomocy, dodaj\u0105c t\u0142umaczenia i napisy do zapis\u00f3w video wordpressowych konferencji itp. Szczeg\u00f3lnie mile widziane s\u0105 osoby pocz\u0105tkuj\u0105ce w \u015bwiecie WordPressa, kt\u00f3re chc\u0105 spotka\u0107 si\u0119 z osobami ju\u017c mocniej wdro\u017conymi w open source\u2019ow\u0105 dzia\u0142alno\u015b\u0107.<\/p>\n\n\n\n<p>Ten dzie\u0144 jest te\u017c doskona\u0142\u0105 okazj\u0105 do nauczenia si\u0119 czego\u015b nowego co mo\u017ce zaplusowa\u0107 w \u017cyciu zawodowym. Warto\u015bciowa jest r\u00f3wnie\u017c wymiana kontakt\u00f3w i nawi\u0105zanie nowych znajomo\u015bci. <\/p>\n\n\n\n<p>Naszym celem w tym roku b\u0119dzie stworzenie kilku grup tematycznych podczas Contributor Day:<\/p>\n\n\n\n<h2 class=\"wp-block-heading\">Stolik <strong>WP Beginners:<\/strong><\/h2>\n\n\n\n<ul class=\"wp-block-list\"><li>Cel: grupa w formie Q&amp;A, ka\u017cdy pocz\u0105tkuj\u0105cy u\u017cytkownik lub deweloper b\u0119dzie m\u00f3g\u0142 zada\u0107 dowolne pytanie i otrzyma odpowied\u017a niezale\u017cnie od dziedziny zwi\u0105zanej z WP. <\/li><li>Opiekunowie stolika:<br>Katarzyna Aleszczyk<br>Sylwia Stein<br>Kamil Lipi\u0144ski<\/li><\/ul>\n\n\n\n<h2 class=\"wp-block-heading\">Stolik <strong>Developer (Core, Dokumentacja, Development):<\/strong><\/h2>\n\n\n\n<ul class=\"wp-block-list\"><li>Cel grupy: nauka zg\u0142aszania poprawek i nowych feature\u2019\u00f3w oraz weryfikacja zg\u0142oszonych b\u0142\u0119d\u00f3w i ich naprawa w Core WordPressa oraz Gutenbergu, uzupe\u0142nianie dokumentacji WP o brakuj\u0105ce elementy. <\/li><li>Opiekunowie stolika:<br>Krzysztof Dro\u017cd\u017c<br>Grzegorz Zi\u00f3\u0142kowski<\/li><\/ul>\n\n\n\n<h2 class=\"wp-block-heading\">Stolik <strong>Themes:<\/strong><\/h2>\n\n\n\n<ul class=\"wp-block-list\"><li>Cel: Weryfikacja motyw\u00f3w wordpressowych, kt\u00f3re czekaj\u0105 na publikacj\u0119 w oficjalnym repozytorium WordPress.org. <\/li><li>Opiekun stolika:<br>Krzysztof Radzikowski<\/li><\/ul>\n\n\n\n<h2 class=\"wp-block-heading\">Stolik <strong>Polyglots<\/strong><\/h2>\n\n\n\n<ul class=\"wp-block-list\"><li>Cel: dodawanie t\u0142umacze\u0144 do core, plugin\u00f3w i motyw\u00f3w.<\/li><li>Opiekun stolika:<br>Maciej Swoboda<\/li><\/ul>\n\n\n\n<h2 class=\"wp-block-heading\">Stolik <strong>Support<\/strong><\/h2>\n\n\n\n<ul class=\"wp-block-list\"><li>Cel: udzielanie pomocy technicznej na oficjalnym forum pomocy WordPressa.<\/li><li>Opiekun stolika:<br>Agnieszka Bury<\/li><\/ul>\n\n\n\n<p>Je\u017celi chcieliby\u015bcie spr\u00f3bowa\u0107 kontrybucji do WordPressa wcze\u015bniej, jeszcze przed WordCamp \u0141\u00f3d\u017a zerknijcie koniecznie na oficjalny kana\u0142 na Slacku<a href=\"https:\/\/make.wordpress.org\/chat\/\"> https:\/\/make.wordpress.org\/chat\/<\/a>. Znajdziecie tutaj to co najwa\u017cniejsze, pomoc w rozpocz\u0119ciu swojej przygody. <\/p>\n\n\n\n<p>Harmonogram spotka\u0144 dost\u0119pny jest tutaj:<a href=\"https:\/\/make.wordpress.org\/meetings\/\"> https:\/\/make.wordpress.org\/meetings\/<\/a><\/p>\n\n\n\n<p>Serdecznie Was zapraszamy w pi\u0105tek 22 listopada 2019 o godzinie 9.00. Spotykamy si\u0119 w Hotelu Ambasador Premium przy ulicy Kli\u0144skiego 145. Wi\u0119cej informacji o lokalizacji znajdziecie na <a href=\"https:\/\/2019.lodz.wordcamp.org\/lokalizacja\/\">specjalnej stronie<\/a>. <\/p>\n\n\n\n<p>Poinformujemy Was r\u00f3wnie\u017c z wyprzedzeniem o narz\u0119dziach jakie przydadz\u0105 si\u0119 Wam podczas Contributor Day. Wi\u0119cej szczeg\u00f3\u0142\u00f3w przedstawimy ju\u017c nied\u0142ugo.<\/p>\n","protected":false},"excerpt":{"rendered":"<p>Planuj\u0105c udzia\u0142 w zbli\u017caj\u0105cym si\u0119 WordCamp \u0141\u00f3d\u017a warto wzi\u0105\u0107 pod uwag\u0119 r\u00f3wnie\u017c udzia\u0142 w Contributor Day. Odb\u0119dzie si\u0119 on w pi\u0105tek, 22 listopada 2019 w Hotelu Ambasador Premium w \u0141odzi przy ulicy Jana Kili\u0144skiego 145. W trakcie kilku ostatnich WordUp\u00f3w i innych meetup\u00f3w IT pytali\u015bmy si\u0119 Was czy kiedykolwiek wzi\u0119li\u015bcie udzia\u0142 w Contributor Day. Najcz\u0119stsz\u0105 &hellip; <a href=\"https:\/\/lodz.wordcamp.org\/2019\/czym-jest-contributor-day\/\" class=\"more-link\">Czytaj dalej<span class=\"screen-reader-text\"> \u201eCzym jest Contributor Day?\u201d<\/span><\/a><\/p>\n","protected":false},"author":13842562,"featured_media":0,"parent":0,"menu_order":0,"comment_status":"closed","ping_status":"closed","template":"","meta":{"jetpack_post_was_ever_published":false,"footnotes":""},"class_list":["post-276","page","type-page","status-publish","hentry"],"jetpack_sharing_enabled":true,"jetpack_shortlink":"https:\/\/wp.me\/PaUnkX-4s","_links":{"self":[{"href":"https:\/\/lodz.wordcamp.org\/2019\/wp-json\/wp\/v2\/pages\/276","targetHints":{"allow":["GET"]}}],"collection":[{"href":"https:\/\/lodz.wordcamp.org\/2019\/wp-json\/wp\/v2\/pages"}],"about":[{"href":"https:\/\/lodz.wordcamp.org\/2019\/wp-json\/wp\/v2\/types\/page"}],"author":[{"embeddable":true,"href":"https:\/\/lodz.wordcamp.org\/2019\/wp-json\/wp\/v2\/users\/13842562"}],"replies":[{"embeddable":true,"href":"https:\/\/lodz.wordcamp.org\/2019\/wp-json\/wp\/v2\/comments?post=276"}],"version-history":[{"count":9,"href":"https:\/\/lodz.wordcamp.org\/2019\/wp-json\/wp\/v2\/pages\/276\/revisions"}],"predecessor-version":[{"id":5659,"href":"https:\/\/lodz.wordcamp.org\/2019\/wp-json\/wp\/v2\/pages\/276\/revisions\/5659"}],"wp:attachment":[{"href":"https:\/\/lodz.wordcamp.org\/2019\/wp-json\/wp\/v2\/media?parent=276"}],"curies":[{"name":"wp","href":"https:\/\/api.w.org\/{rel}","templated":true}]}}