{"id":262,"date":"2019-06-18T15:51:54","date_gmt":"2019-06-18T15:51:54","guid":{"rendered":"https:\/\/2019.lodz.wordcamp.org\/?page_id=262"},"modified":"2019-06-27T08:51:05","modified_gmt":"2019-06-27T08:51:05","slug":"czym-jest-wordcamp","status":"publish","type":"page","link":"https:\/\/lodz.wordcamp.org\/2019\/czym-jest-wordcamp\/","title":{"rendered":"Czym jest WordCamp?"},"content":{"rendered":"\n<figure class=\"wp-block-image\"><img loading=\"lazy\" decoding=\"async\" width=\"1024\" height=\"513\" src=\"https:\/\/2019.lodz.wordcamp.org\/files\/2019\/06\/czym-jest-wordcamp-1024x513.jpg\" alt=\"\" class=\"wp-image-263\" srcset=\"https:\/\/lodz.wordcamp.org\/2019\/files\/2019\/06\/czym-jest-wordcamp-1024x513.jpg 1024w, https:\/\/lodz.wordcamp.org\/2019\/files\/2019\/06\/czym-jest-wordcamp-300x150.jpg 300w, https:\/\/lodz.wordcamp.org\/2019\/files\/2019\/06\/czym-jest-wordcamp-768x385.jpg 768w, https:\/\/lodz.wordcamp.org\/2019\/files\/2019\/06\/czym-jest-wordcamp-500x250.jpg 500w, https:\/\/lodz.wordcamp.org\/2019\/files\/2019\/06\/czym-jest-wordcamp.jpg 1200w\" sizes=\"auto, (max-width: 1024px) 100vw, 1024px\" \/><figcaption>Zdj\u0119cie: Wojtek R\u00f3wnanek rownanek.art.pl<\/figcaption><\/figure>\n\n\n\n<p>WordCamp jest konferencj\u0105, kt\u00f3ra spo\u0142eczno\u015bci WordPressa daje mo\u017cliwo\u015b\u0107 raz w roku na wymian\u0119 aktualnych trend\u00f3w, nowych rozwi\u0105za\u0144 technologicznych oraz kontakt\u00f3w. Do spo\u0142eczno\u015bci nie nale\u017c\u0105 tylko i wy\u0142\u0105cznie osoby, kt\u00f3re na co dzie\u0144 zajmuj\u0105 si\u0119 rozwojem programistycznym systemu.<\/p>\n\n\n\n<p>To r\u00f3wnie\u017c u\u017cytkownicy, czyli blogerzy, w\u0142a\u015bciciele du\u017cych i znacz\u0105cych serwis\u00f3w informacyjnych, managerowie, designerzy, pracownicy licznych firm z bran\u017cy IT, kt\u00f3rzy na co dzie\u0144 opieraj\u0105 produkty tworzone dla swoich klient\u00f3w w\u0142a\u015bnie o WordPressa.<\/p>\n\n\n\n<p>WordCamp to w du\u017cej mierze prelekcje i warsztaty, dzi\u0119ki kt\u00f3rym dzielimy si\u0119 swoj\u0105 wiedz\u0105 i pomys\u0142ami. To r\u00f3wnie\u017c networking, kt\u00f3ry daje mo\u017cliwo\u015b\u0107 specjalistom na nawi\u0105zanie nowych kontakt\u00f3w i pozyskanie ciekawych pracownik\u00f3w lub klient\u00f3w.<\/p>\n\n\n\n<h3 class=\"wp-block-heading\">Jak wygl\u0105da ramowy plan konferencji?<\/h3>\n\n\n\n<ul class=\"wp-block-list\"><li>dzie\u0144 1 &#8211; Contributor Day i warsztaty<\/li><li>dzie\u0144 2 &#8211; otwarcie konferencji, prelekcje i after party po ca\u0142ym dniu konferencyjnym<\/li><li>dzie\u0144 3 &#8211; prelekcje i zamkni\u0119cie konferencji<\/li><\/ul>\n\n\n\n<h3 class=\"wp-block-heading\">WordCamp w liczbach:<\/h3>\n\n\n\n<ul class=\"wp-block-list\"><li>odby\u0142o si\u0119 996 WordCamp\u00f3w na ca\u0142ym \u015bwiecie<\/li><li> w 73 miastach<\/li><li> w 65 krajach<\/li><li> na 6 kontynentach<\/li><\/ul>\n\n\n\n<h3 class=\"wp-block-heading\">WordCamp w Polsce:<\/h3>\n\n\n\n<p>Do tej pory spotkali\u015bmy si\u0119 w:<\/p>\n\n\n\n<ul class=\"wp-block-list\"><li><a href=\"https:\/\/2018.poznan.wordcamp.org\" target=\"_blank\" rel=\"noreferrer noopener\" aria-label=\"2018 - Pozna\u0144 (opens in a new tab)\">2018 &#8211; Pozna\u0144<\/a><\/li><li><a href=\"https:\/\/2017.lublin.wordcamp.org\/\">2017 \u2013 Lublin<\/a><\/li><li><a href=\"https:\/\/2016.gdynia.wordcamp.org\/\">2016 \u2013 Gdynia<\/a><\/li><li><a href=\"https:\/\/2015.krakow.wordcamp.org\/\">2015 \u2013 Krak\u00f3w<\/a><\/li><li><a href=\"https:\/\/2014.warsaw.wordcamp.org\/\">2014 \u2013 Warszawa<\/a><\/li><li><a href=\"https:\/\/2013.wroclaw.wordcamp.org\/\">2013 \u2013 Wroc\u0142aw<\/a><\/li><li><a href=\"https:\/\/2012.gdansk.wordcamp.org\/\">2012 \u2013 Gda\u0144sk<\/a><\/li><li><a href=\"https:\/\/2011.poznan.wordcamp.org\/\">2011 \u2013 Pozna\u0144<\/a><\/li><li><a href=\"http:\/\/wcp2010.wpninja.pl\/\">2010 \u2013 \u0141\u00f3d\u017a<\/a><\/li><\/ul>\n","protected":false},"excerpt":{"rendered":"<p>WordCamp jest konferencj\u0105, kt\u00f3ra spo\u0142eczno\u015bci WordPressa daje mo\u017cliwo\u015b\u0107 raz w roku na wymian\u0119 aktualnych trend\u00f3w, nowych rozwi\u0105za\u0144 technologicznych oraz kontakt\u00f3w. Do spo\u0142eczno\u015bci nie nale\u017c\u0105 tylko i wy\u0142\u0105cznie osoby, kt\u00f3re na co dzie\u0144 zajmuj\u0105 si\u0119 rozwojem programistycznym systemu. To r\u00f3wnie\u017c u\u017cytkownicy, czyli blogerzy, w\u0142a\u015bciciele du\u017cych i znacz\u0105cych serwis\u00f3w informacyjnych, managerowie, designerzy, pracownicy licznych firm z bran\u017cy &hellip; <a href=\"https:\/\/lodz.wordcamp.org\/2019\/czym-jest-wordcamp\/\" class=\"more-link\">Czytaj dalej<span class=\"screen-reader-text\"> \u201eCzym jest WordCamp?\u201d<\/span><\/a><\/p>\n","protected":false},"author":13842562,"featured_media":0,"parent":0,"menu_order":0,"comment_status":"closed","ping_status":"closed","template":"","meta":{"jetpack_post_was_ever_published":false,"footnotes":""},"class_list":["post-262","page","type-page","status-publish","hentry"],"jetpack_sharing_enabled":true,"jetpack_shortlink":"https:\/\/wp.me\/PaUnkX-4e","_links":{"self":[{"href":"https:\/\/lodz.wordcamp.org\/2019\/wp-json\/wp\/v2\/pages\/262","targetHints":{"allow":["GET"]}}],"collection":[{"href":"https:\/\/lodz.wordcamp.org\/2019\/wp-json\/wp\/v2\/pages"}],"about":[{"href":"https:\/\/lodz.wordcamp.org\/2019\/wp-json\/wp\/v2\/types\/page"}],"author":[{"embeddable":true,"href":"https:\/\/lodz.wordcamp.org\/2019\/wp-json\/wp\/v2\/users\/13842562"}],"replies":[{"embeddable":true,"href":"https:\/\/lodz.wordcamp.org\/2019\/wp-json\/wp\/v2\/comments?post=262"}],"version-history":[{"count":4,"href":"https:\/\/lodz.wordcamp.org\/2019\/wp-json\/wp\/v2\/pages\/262\/revisions"}],"predecessor-version":[{"id":501,"href":"https:\/\/lodz.wordcamp.org\/2019\/wp-json\/wp\/v2\/pages\/262\/revisions\/501"}],"wp:attachment":[{"href":"https:\/\/lodz.wordcamp.org\/2019\/wp-json\/wp\/v2\/media?parent=262"}],"curies":[{"name":"wp","href":"https:\/\/api.w.org\/{rel}","templated":true}]}}