{"id":174,"date":"2019-06-10T21:46:53","date_gmt":"2019-06-10T21:46:53","guid":{"rendered":"https:\/\/2019.lodz.wordcamp.org\/?page_id=174"},"modified":"2019-10-20T22:01:57","modified_gmt":"2019-10-20T22:01:57","slug":"zostan-prelegentem-na-wordcamp-lodz-2019","status":"publish","type":"page","link":"https:\/\/lodz.wordcamp.org\/2019\/zostan-prelegentem-na-wordcamp-lodz-2019\/","title":{"rendered":"Zosta\u0144 prelegentem na WordCamp \u0141\u00f3d\u017a 2019"},"content":{"rendered":"\n<figure class=\"wp-block-image\"><img loading=\"lazy\" decoding=\"async\" width=\"800\" height=\"400\" src=\"https:\/\/2019.lodz.wordcamp.org\/files\/2019\/06\/Zostan-prelegentem.jpg\" alt=\"\" class=\"wp-image-493\" srcset=\"https:\/\/lodz.wordcamp.org\/2019\/files\/2019\/06\/Zostan-prelegentem.jpg 800w, https:\/\/lodz.wordcamp.org\/2019\/files\/2019\/06\/Zostan-prelegentem-300x150.jpg 300w, https:\/\/lodz.wordcamp.org\/2019\/files\/2019\/06\/Zostan-prelegentem-768x384.jpg 768w, https:\/\/lodz.wordcamp.org\/2019\/files\/2019\/06\/Zostan-prelegentem-500x250.jpg 500w\" sizes=\"auto, (max-width: 800px) 100vw, 800px\" \/><\/figure>\n\n\n\n<h2 class=\"wp-block-heading\">Termin zg\u0142osze\u0144 min\u0105\u0142 20 pa\u017adziernika<\/h2>\n\n\n\n<p>Je\u017celi jeste\u015b zainteresowany wyst\u0105pieniem przed szersz\u0105 publiczno\u015bci\u0105 i chcesz podzieli\u0107 si\u0119 swoj\u0105 wiedz\u0105 z dziedziny WordPressa lub tematyki oko\u0142owordpressowej to masz teraz wyj\u0105tkow\u0105 okazj\u0119 zg\u0142osi\u0107 si\u0119 do nas z w\u0142asn\u0105 prezentacj\u0105.<\/p>\n\n\n\n<p>Uczestnictwo w <strong>WordCamp \u0141\u00f3d\u017a 2019<\/strong> to \u015bwietna okazja na poszerzenie swojej wiedzy i umiej\u0119tno\u015bci, r\u00f3wnie\u017c jako m\u00f3wca i mentor. Zach\u0119camy Ci\u0119 ogromnie do przes\u0142ania swojego zg\u0142oszenia. <\/p>\n\n\n\n<p>Przed wys\u0142aniem zg\u0142oszenia zapoznaj si\u0119 z poni\u017cszym poradnikiem:<\/p>\n\n\n\n<h2 class=\"wp-block-heading\"><strong>WordCamp dla Prelegenta:<\/strong><\/h2>\n\n\n\n<ol class=\"wp-block-list\"><li>Jako prelegent otrzymasz darmowy bilet,<\/li><li>Ka\u017cdy zatwierdzony przez nas prelegent otrzyma specjalny wpis na blogu oraz w mediach spo\u0142eczno\u015bciowych o swoim nadchodz\u0105cym wyst\u0105pieniu,<\/li><li>Ka\u017cdy prelegent otrzyma najpotrzebniejsze wsparcie, zar\u00f3wno podczas prelekcji jak i przed &#8211; zapoznamy si\u0119 z Twoj\u0105 prezentacj\u0105 i podpowiemy jak lepiej j\u0105 przygotowa\u0107 pod k\u0105tem wyst\u0105pienia na WordCampie,<\/li><li>Rola prelegenta to \u015bwietna okazja do pokazania swoich umiej\u0119tno\u015bci i sprawdzenie si\u0119 przed szersz\u0105 publiczno\u015bci\u0105,<\/li><li>Ka\u017cdy prelegent otrzyma specjaln\u0105 odznak\u0119 na wordpress.org.<\/li><\/ol>\n\n\n\n<h2 class=\"wp-block-heading\"><strong>Terminy:<\/strong><\/h2>\n\n\n\n<p>Formularz zg\u0142oszeniowy jest otwarty <strong>do 20 pa\u017adziernika<\/strong>. W tym czasie mo\u017cecie podsy\u0142a\u0107 swoje prezentacje i propozycje temat\u00f3w. Jedna osoba mo\u017ce zg\u0142osi\u0107 ich kilka.<br><br>Do <strong>7 listopada<\/strong> ka\u017cdy prelegent musi dostarczy\u0107 nam gotow\u0105 prezentacj\u0119, \u017ceby\u015bmy mogli dokona\u0107 sprawdzenia pod wzgl\u0119dem technicznym oraz merytorycznym.<\/p>\n\n\n\n<h2 class=\"wp-block-heading\"><strong>Tematyka:<\/strong><\/h2>\n\n\n\n<p>WordPress jest dla nas najwa\u017cniejszy. Ale oczywi\u015bcie dooko\u0142a WordPressa funkcjonuje szereg r\u00f3\u017cnych dziedzin. Interesuj\u0105 nas prezentacje zar\u00f3wno techniczne jak i te zwi\u0105zane z e-marketingiem, SEO, blogowaniem, tworzeniem i analizowaniem contentu. Ka\u017cda tematyka, kt\u00f3ra wi\u0105\u017ce si\u0119 bezpo\u015brednio lub po\u015brednio ze \u015brodowiskiem WordPressa b\u0119dzie mile widziana. Temat nie musi zawiera\u0107 w sobie s\u0142owa &#8222;WordPress&#8221; i nie musi by\u0107 z nim \u015bci\u015ble zwi\u0105zany.<\/p>\n\n\n\n<p>Pami\u0119tajcie koniecznie o unikalnym i ciekawym temacie! Szczeg\u00f3lnie, \u017ce planujemy nagrodzi\u0107 te wybrane przez publiczno\u015b\u0107 WordCampa jako najciekawsze \ud83d\ude42<\/p>\n\n\n\n<h2 class=\"wp-block-heading\"><strong>Jakie kryteria musi spe\u0142ni\u0107 prezentacja:<\/strong><\/h2>\n\n\n\n<ol class=\"wp-block-list\"><li>Pami\u0119taj aby temat Twojej prelekcji by\u0142 ciekawy i unikalny. Zale\u017cy nam na pokazaniu prezentacji, kt\u00f3re nie pojawi\u0142y si\u0119 do tej pory na innych wydarzeniach (np. WordUp\u2019ach) w tej samej postaci,<\/li><li>Twoja prelekcja musi zmie\u015bci\u0107 si\u0119 w czasie <strong>18 minut<\/strong>. Nie planuj live codingu ani t\u0142umaczenia ka\u017cdej linijki kodu czy bardzo rozbudowanego case study,<\/li><li>Prezentacja powinna pokazywa\u0107 trendy w WordPressie lub innej oko\u0142owordpressowej dziedzinie &#8211; takie s\u0105 wytyczne wszystkich WordCamp\u00f3w jakie odbywaj\u0105 si\u0119 na ca\u0142ym \u015bwiecie<\/li><li>Liczba prezentacji r\u00f3wnie\u017c jest ograniczona, planujemy ok 30 sesji z prelekcjami w ci\u0105gu dw\u00f3ch dni konferencji.<\/li><\/ol>\n\n\n\n<h2 class=\"wp-block-heading\"><strong>Co oznacza zostanie Prelegentem na WordCamp \u0141\u00f3d\u017a:<\/strong><\/h2>\n\n\n\n<ol class=\"wp-block-list\"><li>Pami\u0119taj, \u017ce WordCampy to wydarzenia non-profit, czyli organizowane s\u0105 przez wolontariuszy. Wolontariuszem jest r\u00f3wnie\u017c Prelegent. <br>Ale nie zostawimy Ci\u0119 z pustymi r\u0119kami. Przygotowali\u015bmy kilka niespodzianek i specjalnych upomink\u00f3w, kt\u00f3re uwieczni\u0105 Tw\u00f3j udzia\u0142 na scenie WordCampa,<\/li><li>Prezentacje bran\u017cowe lub sprzeda\u017cowe nie b\u0119d\u0105 przez nas odrzucane, ale pami\u0119taj, \u017ce planuj\u0105c swoj\u0105 prezentacj\u0119 poka\u017c przede wszystkim siebie i swoje umiej\u0119tno\u015bci bez zbyt mocnego nacisku na konkretn\u0105 mark\u0119,<\/li><li>Pami\u0119taj, \u017ce rozwi\u0105zania lub firmy, kt\u00f3re nie respektuj\u0105 licencji WordPressa czyli GPL nie b\u0119d\u0105 promowane na WordCampie, w \u017cadnej postaci,<\/li><li>Ka\u017cda prezentacja musi zosta\u0107 przez nas zweryfikowana pod wzgl\u0119dem merytorycznym i technicznym. Chcemy unikn\u0105\u0107 niepotrzebnych niedom\u00f3wie\u0144, kontrowersyjnych informacji lub problem\u00f3w technicznych podczas trwania prezentacji podczas WordCampa. Nades\u0142anie prezentacji przed wydarzeniem jest bezwzgl\u0119dnie wymagane. Prelegenci, kt\u00f3rzy nie pode\u015bl\u0105 w okre\u015blonym terminie swoich prac musz\u0105 liczy\u0107 si\u0119 z odrzuceniem ich osoby z listy prelegent\u00f3w.<\/li><\/ol>\n\n\n\n<h2 class=\"wp-block-heading\"><strong>Dobre praktyki przygotowania prezentacji:<\/strong><\/h2>\n\n\n\n<ol class=\"wp-block-list\"><li>Dobra prezentacja to taka, kt\u00f3ra przykuje oko widowni. Staraj si\u0119 u\u017cywa\u0107 ciekawych ilustracji, adekwatnych screen\u00f3w,<\/li><li>Unikaj slajd\u00f3w wypchanych tekstem! Nie robi\u0105 dobrego wra\u017cenia wyst\u0105pienia, podczas kt\u00f3rych prelegent m\u00f3wi dok\u0142adnie to co jest napisane na slajdzie,<\/li><li>Unikaj live codingu &#8211; z do\u015bwiadczenia wiemy, \u017ce podczas takich wyst\u0105pie\u0144 jest wi\u0119cej problem\u00f3w ni\u017c korzy\u015bci. Je\u017celi musisz os\u0105dzi\u0107 pewien proces tworzenia kodu &#8211; nagraj wcze\u015bniej filmik i zamie\u015b\u0107 do w slajdzie &#8211; pami\u0119taj, aby nie by\u0142 zbyt d\u0142ugi,<\/li><li>Unikaj za\u0142\u0105czania film\u00f3w lub innych multimedi\u00f3w z zewn\u0105trz. Filmy i i media osadzaj lokalnie w prezentacji (jako za\u0142\u0105cznik), <\/li><li>Koniecznie prze\u0107wicz swoje wyst\u0105pienie wcze\u015bniej, pami\u0119taj, \u017ce musisz zmie\u015bci\u0107 si\u0119 w czasie <strong>18 minut<\/strong> i ten czas b\u0119dzie bardzo czujnie monitorowany ze wzgl\u0119du na zaplanowany program,<\/li><li>Pami\u0119taj o sp\u00f3jno\u015bci i nie odbieganiu od tematyki prezentacji. Warto stosowa\u0107 metod\u0119 \u201cod og\u00f3\u0142u do szczeg\u00f3\u0142u\u201d.<\/li><li>Wszystkie prezentacje b\u0119d\u0105 wy\u015bwietlanie na laptopie konferencyjnym (Mac), wymagane formaty do prezentacji: <strong>PowerPoint<\/strong> albo <strong>Keynote<\/strong>.<\/li><li> Postaraj si\u0119 unika\u0107 zbyt du\u017cej ilo\u015bci mem\u00f3w lub \u015bmiesznego contentu aby nikogo nie urazi\u0107. Zapoznaj si\u0119 koniecznie z <strong><a rel=\"noreferrer noopener\" href=\"https:\/\/2019.lodz.wordcamp.org\/zasady-postepowania\/\" target=\"_blank\">Zasadami Post\u0119powania<\/a><\/strong>. <\/li><\/ol>\n\n\n\n<p> Je\u017celi mieliby\u015bcie jakiekolwiek pytania dotycz\u0105ce uczestnictwa jako Prelegent, przygotowania prezentacji lub warsztat\u00f3w, piszcie \u015bmia\u0142o na adres <strong><a href=\"mailto:info@wclodz.pl\">info@wclodz.pl<\/a><\/strong> lub we\u017acie udzia\u0142 w dyskusji poni\u017cej. Odpowiemy i pomo\u017cemy! <\/p>\n\n\n\n<p>Je\u017celi Twoje zg\u0142oszenie na prelegenta lub prowadz\u0105cego warsztaty nie zostanie przez nas rozpatrzone pozytywnie &#8211; b\u0119dziesz m\u00f3g\u0142 kupi\u0107 bilet jako uczestnik. Je\u017celi oka\u017ce si\u0119, \u017ce ca\u0142\u0105 pula bilet\u00f3w zostanie sprzedana &#8211; b\u0119dzie na Ciebie czeka\u0142 bilet rezerwowy. Pami\u0119taj aby zg\u0142osi\u0107 si\u0119 po niego gdy otrzymasz informacje w sprawie swojego wyst\u0105pienia.<\/p>\n\n\n\n<p> A mo\u017ce wola\u0142by\u015b poprowadzi\u0107 warsztaty? Je\u017celi tak to zajrzyj <a href=\"https:\/\/2019.lodz.wordcamp.org\/poprowadz-warsztaty-na-wordcamp-lodz-2019\/\">tutaj<\/a>. <\/p>\n","protected":false},"excerpt":{"rendered":"<p>Termin zg\u0142osze\u0144 min\u0105\u0142 20 pa\u017adziernika Je\u017celi jeste\u015b zainteresowany wyst\u0105pieniem przed szersz\u0105 publiczno\u015bci\u0105 i chcesz podzieli\u0107 si\u0119 swoj\u0105 wiedz\u0105 z dziedziny WordPressa lub tematyki oko\u0142owordpressowej to masz teraz wyj\u0105tkow\u0105 okazj\u0119 zg\u0142osi\u0107 si\u0119 do nas z w\u0142asn\u0105 prezentacj\u0105. Uczestnictwo w WordCamp \u0141\u00f3d\u017a 2019 to \u015bwietna okazja na poszerzenie swojej wiedzy i umiej\u0119tno\u015bci, r\u00f3wnie\u017c jako m\u00f3wca i mentor. &hellip; <a href=\"https:\/\/lodz.wordcamp.org\/2019\/zostan-prelegentem-na-wordcamp-lodz-2019\/\" class=\"more-link\">Czytaj dalej<span class=\"screen-reader-text\"> \u201eZosta\u0144 prelegentem na WordCamp \u0141\u00f3d\u017a 2019\u201d<\/span><\/a><\/p>\n","protected":false},"author":13842562,"featured_media":189,"parent":0,"menu_order":0,"comment_status":"closed","ping_status":"closed","template":"","meta":{"jetpack_post_was_ever_published":false,"footnotes":""},"class_list":["post-174","page","type-page","status-publish","has-post-thumbnail","hentry"],"jetpack_sharing_enabled":true,"jetpack_shortlink":"https:\/\/wp.me\/PaUnkX-2O","_links":{"self":[{"href":"https:\/\/lodz.wordcamp.org\/2019\/wp-json\/wp\/v2\/pages\/174","targetHints":{"allow":["GET"]}}],"collection":[{"href":"https:\/\/lodz.wordcamp.org\/2019\/wp-json\/wp\/v2\/pages"}],"about":[{"href":"https:\/\/lodz.wordcamp.org\/2019\/wp-json\/wp\/v2\/types\/page"}],"author":[{"embeddable":true,"href":"https:\/\/lodz.wordcamp.org\/2019\/wp-json\/wp\/v2\/users\/13842562"}],"replies":[{"embeddable":true,"href":"https:\/\/lodz.wordcamp.org\/2019\/wp-json\/wp\/v2\/comments?post=174"}],"version-history":[{"count":16,"href":"https:\/\/lodz.wordcamp.org\/2019\/wp-json\/wp\/v2\/pages\/174\/revisions"}],"predecessor-version":[{"id":1747,"href":"https:\/\/lodz.wordcamp.org\/2019\/wp-json\/wp\/v2\/pages\/174\/revisions\/1747"}],"wp:featuredmedia":[{"embeddable":true,"href":"https:\/\/lodz.wordcamp.org\/2019\/wp-json\/wp\/v2\/media\/189"}],"wp:attachment":[{"href":"https:\/\/lodz.wordcamp.org\/2019\/wp-json\/wp\/v2\/media?parent=174"}],"curies":[{"name":"wp","href":"https:\/\/api.w.org\/{rel}","templated":true}]}}