{"id":17,"date":"2019-04-17T10:18:17","date_gmt":"2019-04-17T10:18:17","guid":{"rendered":"https:\/\/2019.lodz.wordcamp.org\/contact\/"},"modified":"2019-11-20T21:59:15","modified_gmt":"2019-11-20T21:59:15","slug":"kontakt","status":"publish","type":"page","link":"https:\/\/lodz.wordcamp.org\/2019\/kontakt\/","title":{"rendered":"Kontakt"},"content":{"rendered":"<div data-test='contact-form'\n\t\t\tid='contact-form-17'\n\t\t\tclass='wp-block-jetpack-contact-form-container '\n\t\t\tdata-wp-interactive='jetpack\/form' data-wp-context='{\"formId\":\"17\",\"formHash\":\"f1cb46425f67aa7f55e46aeadca6014ac2526db8\",\"showErrors\":false,\"errors\":[],\"fields\":[],\"isMultiStep\":false,\"useAjax\":true,\"submissionData\":null,\"formattedSubmissionData\":[],\"submissionSuccess\":false,\"submissionError\":null,\"elementId\":\"jp-form-f1cb46425f67aa7f55e46aeadca6014ac2526db8\",\"isSingleInputForm\":false}'\n\t\t\tdata-wp-watch--scroll-to-wrapper=\"callbacks.scrollToWrapper\"\n\t\t>\n<div class=\"contact-form-submission contact-form-ajax-submission\" data-wp-bind--aria-hidden=\"state.isSuccessMessageAriaHidden\" data-wp-class--submission-success=\"context.submissionSuccess\" id=\"contact-form-success-f1cb46425f67aa7f55e46aeadca6014ac2526db8\" tabindex=\"-1\" aria-labelledby=\"contact-form-success-header-f1cb46425f67aa7f55e46aeadca6014ac2526db8\"><p class=\"go-back-message\"><a class=\"link\" role=\"button\" tabindex=\"0\" data-wp-on--click=\"actions.goBack\" href=\"\/2019\/wp-json\/wp\/v2\/pages\/17\">\u2190 Back<\/a><\/p><h4 data-wp-bind--aria-hidden=\"state.isSuccessMessageAriaHidden\" id=\"contact-form-success-header-f1cb46425f67aa7f55e46aeadca6014ac2526db8\">Your message has been sent<\/h4>\n\n<template data-wp-each--submission=\"context.formattedSubmissionData\">\n\t\t\t\t\t<div class=\"jetpack_forms_contact-form-success-summary\">\n\t\t\t\t\t\t<div class=\"field-name\" data-wp-text=\"context.submission.label\" data-wp-bind--hidden=\"!context.submission.label\"><\/div>\n\t\t\t\t\t\t<div class=\"field-value\" data-wp-text=\"context.submission.value\" data-wp-bind--hidden=\"!context.submission.showPlainValue\"><\/div>\n\t\t\t\t\t\t<a class=\"field-url\" data-wp-bind--href=\"context.submission.url\" data-wp-text=\"context.submission.value\" data-wp-bind--hidden=\"!context.submission.url\" target=\"_blank\" rel=\"noopener noreferrer\"><\/a>\n\t\t\t\t\t\t<div class=\"field-rating\" data-wp-bind--hidden=\"!context.submission.rating\" data-wp-watch=\"callbacks.watchRatingIcons\"><\/div>\n\t\t\t\t\t\t<div class=\"field-images\" data-wp-bind--hidden=\"!context.submission.images\">\n\t\t\t\t\t\t\t<template data-wp-each--image=\"context.submission.images\">\n\t\t\t\t\t\t\t\t<div class=\"field-image-option\" data-wp-class--is-empty=\"!context.image.src\">\n\t\t\t\t\t\t\t\t\t<figure class=\"field-image-option__image\" data-wp-class--is-empty=\"!context.image.src\">\n\t\t\t\t\t\t\t\t\t\t<img data-wp-bind--src=\"context.image.src\" data-wp-bind--hidden=\"!context.image.src\" \/>\n\t\t\t\t\t\t\t\t\t\t<img decoding=\"async\" src=\"data:image\/gif;base64,R0lGODlhAQABAAD\/ACwAAAAAAQABAAACADs=\" data-wp-bind--hidden=\"context.image.src\" \/>\n\t\t\t\t\t\t\t\t\t<\/figure>\n\t\t\t\t\t\t\t\t\t<div class=\"field-image-option__label-wrapper\">\n\t\t\t\t\t\t\t\t\t\t<span class=\"field-image-option__label-code\" data-wp-text=\"context.image.letterCode\"><\/span>\n\t\t\t\t\t\t\t\t\t\t<span class=\"field-image-option__label\" data-wp-text=\"context.image.label\" data-wp-bind--hidden=\"!context.image.label\"><\/span>\n\t\t\t\t\t\t\t\t\t<\/div>\n\t\t\t\t\t\t\t\t<\/div>\n\t\t\t\t\t\t\t<\/template>\n\t\t\t\t\t\t<\/div>\n\t\t\t\t\t\t<div class=\"field-files\" data-wp-bind--hidden=\"!context.submission.files\">\n\t\t\t\t\t\t\t<template data-wp-each--file=\"context.submission.files\">\n\t\t\t\t\t\t\t\t<div class=\"field-file\">\n\t\t\t\t\t\t\t\t\t<div class=\"field-file__thumbnail\" data-wp-style--background-image=\"context.file.previewUrl\" data-wp-style--mask-image=\"context.file.iconUrl\" data-wp-bind--hidden=\"!context.file.hasPreview\"><\/div>\n\t\t\t\t\t\t\t\t\t<svg class=\"field-file__icon\" data-wp-bind--hidden=\"context.file.hasPreview\" width=\"20\" height=\"20\" viewBox=\"0 0 24 24\" fill=\"none\" xmlns=\"http:\/\/www.w3.org\/2000\/svg\" aria-hidden=\"true\">\n\t\t\t\t\t\t\t\t\t\t<path d=\"M14 2H6C4.9 2 4 2.9 4 4V20C4 21.1 4.89 22 5.99 22H18C19.1 22 20 21.1 20 20V8L14 2ZM18 20H6V4H13V9H18V20Z\" fill=\"currentColor\"\/>\n\t\t\t\t\t\t\t\t\t<\/svg>\n\t\t\t\t\t\t\t\t\t<span class=\"field-file__name\" data-wp-text=\"context.file.name\"><\/span>\n\t\t\t\t\t\t\t\t\t<span class=\"field-file__size\" data-wp-text=\"context.file.size\"><\/span>\n\t\t\t\t\t\t\t\t<\/div>\n\t\t\t\t\t\t\t<\/template>\n\t\t\t\t\t\t<\/div>\n\t\t\t\t\t<\/div>\n\t\t\t\t<\/template><\/div><form action='https:\/\/lodz.wordcamp.org\/2019\/kontakt\/'\n\t\t\t\tid='jp-form-f1cb46425f67aa7f55e46aeadca6014ac2526db8'\n\t\t\t\tmethod='post'\n\t\t\t\tclass='contact-form commentsblock' aria-label=\"Kontakt\"\n\t\t\t\tdata-wp-on--submit=\"actions.onFormSubmit\"\n\t\t\t\tdata-wp-on--reset=\"actions.onFormReset\"\n\t\t\t\tdata-wp-class--submission-success=\"context.submissionSuccess\"\n\t\t\t\tdata-wp-class--is-first-step=\"state.isFirstStep\"\n\t\t\t\tdata-wp-class--is-last-step=\"state.isLastStep\"\n\t\t\t\tdata-wp-class--is-ajax-form=\"context.useAjax\"\n\t\t\t\tnovalidate >\n<input type='hidden' name='jetpack_contact_form_jwt' value='eyJ0eXAiOiJKV1QiLCJhbGciOiJIUzI1NiJ9.eyJlbmNyeXB0ZWRfYXR0cmlidXRlcyI6ImljbThlVmc5alBVbjBGMXBnd2xMdHRJY0U4ZGtUc3JVNnkzVnhrM1hjbVdvUkJPQUxxZlViZ0ppeGdDY01tWXhNaTNFTGQ2SXEwZVFRZkk0VVkyNnZGM0pCVzVoQStJQ0NjUTQ4c3RVNFNuUnBNTE5XS1ltVE1QVnlxTWE2SmltNU00dGxhNHBvZlMxT3R4QWJ2Tm1GYkQ0UUQxOXkwbWNRL3VxTG1BZFJydWJJdy9jZW9ISThTV0JsYlFXUnJ4clJrY0lYNnlXT0UrUmVOb1Q5MUs1WmUvcVpZdlpCeUdEU0NXVzZERG1pQ3FnZnZPMk4xcXhmZDYvVnQ0N3Q5am1tdUJYNEZvZmFBekZnSFRQTVpxejZJWjArSHZ4TjZNQ2MyazZSZTF1Mi9zeTJvZmQxQ3NrOEVMakdWQXNGR0V3WDJrTzJ5dDFsbDBva3ZPcERiVjRoMkIySFpWeTRMVVI1Q1hRaEkyWlFBUHVFSzY5RXFCYWtaMjVJenBQcStPOG16TVU5QXZTUkV0SEJNYnM2QXlrS0cxdGE0aVNxUHBPNW9JdDQrWnIvcGlEU2cxb2xMQ2pVWlJ2b1ZjRmFuRFQ1K0ZrTUliTCt6ODAzM3FtMi9NZTY5Sll4aGNSK3gvb0RnNHBPdEtlRTBnYWtFLzZDRlN6N2lQc1lESTlaSXB0MGZyalBDUTNmSDZNZEdWWTlyZFUvdGk1K3pYangycUp6emVXSkoyK3I2d2pzNG1hTDcvZ3o4NVp1dVZjKzZoNGRaOTdjN3B1WUlEVnJXU1hvUThNcU43LzdMRzBRN0o1TmhDS1ZtT3llV0pEYVFhOElkS2FCR3dqYjY2eUdFT3I3clhURmdKWHpaSEhZWng0K3EybHhiZjJ3U2xrMEJCTVlYcDRteEg0aDZOcitjNnplWjRPcWZZbFFzZWpqTkxoSXorNnFNb1RaOVhiK1JxUVltQ0VNajFFa3h3RWNOL3J2WGxabzlQL0RjTXYvVjRMYnNRRFJnUE5mNDlUNzlkU3puWWtaQ2hrWVAwS2FyWmZmOUg2aTc4aU52VklZay9lR0xYVVVRN0R3ZHNQdFRrdFp2cVRNZHRuN2dBWFQ0Vk1aVzR5RFQxWjdkajBoMlhYMVJTMTdNYTVBbk8rZjEycDN0M1VMREJIQzN6SHgreWphRWJzS1krbUdkTzg3MFdLdFdOaVRtUFZVR1JUZDdjPSIsImNvbnRlbnQiOiJcblxuPHA-TmEgc3Ryb25pZSBwdWJsaWt1amVteSB3c3p5c3RraWUgd2FcdTAxN2NuZSBpbmZvcm1hY2plIGRvdHljelx1MDEwNWNlIFdvcmRDYW1wIFx1MDE0MVx1MDBmM2RcdTAxN2EgMjAxOS48YnI-SmVkbmFrIGplXHUwMTdjZWxpIG5pZSB6bmFsYXpcdTAxNDJlXHUwMTViIG9kcG93aWVkemkgbmEgc3dvamUgcHl0YW5pYSB3IHphbWllc3pjemFueWNoIHR1dGFqIG1hdGVyaWFcdTAxNDJhY2ggbmFwaXN6IGRvIG5hcy48YnI-T2ZpY2phbG55IGFkcmVzIGVtYWlsIHRvPGEgaHJlZj1cIm1haWx0bzppbmZvQHdjbG9kei5wbFwiPiBpbmZvQHdjbG9kei5wbDwvYT48L3A-XG5cblxuXG48cD5QeXRhbmlhIHByb3NpbXkgcHJ6ZXN5XHUwMTQyYVx1MDEwNyB6YSBwb21vY1x1MDEwNSBwb25pXHUwMTdjc3plZ28gZm9ybXVsYXJ6YSwgamVkbmEgeiBvc1x1MDBmM2IgeiBuYXN6ZWdvIHplc3BvXHUwMTQydSBza29udGFrdHVqZSBzaVx1MDExOSB6IFRvYlx1MDEwNS48L3A-XG5cblxuW2NvbnRhY3QtZmllbGQgbGFiZWw9XCJJbWlcdTAxMTkgaSBuYXp3aXNrb1wiIHJlcXVpcmVkPVwiMVwiIHR5cGU9XCJuYW1lXCIvXVxuXG5bY29udGFjdC1maWVsZCBsYWJlbD1cIkVtYWlsXCIgcmVxdWlyZWQ9XCIxXCIgdHlwZT1cImVtYWlsXCIvXVxuXG5bY29udGFjdC1maWVsZCBsYWJlbD1cIldpYWRvbW9cdTAxNWJcdTAxMDdcIiByZXF1aXJlZD1cIjFcIiB0eXBlPVwidGV4dGFyZWFcIi9dXG5cbltjb250YWN0LWZpZWxkIGxhYmVsPVwiV3lyYVx1MDE3Y2FtIHpnb2RcdTAxMTkgbmEgcHJ6ZXR3YXJ6YW5pZSBwcnpleiBvcmdhbml6YXRvclx1MDBmM3cgV29yZENhbXAgXHUwMTQxXHUwMGYzZFx1MDE3YSAyMDE5IGRhbnljaCBvc29ib3d5Y2ggemF3YXJ0eWNoIHcgZm9ybXVsYXJ6dSBrb250YWt0b3d5bSB3IGNlbHUgdWR6aWVsZW5pYSBvZHBvd2llZHppIG5hIHpnXHUwMTQyb3N6b255IHByb2JsZW0uXCIgcmVxdWlyZWQ9XCIxXCIgdHlwZT1cImNoZWNrYm94XCIvXVxuXG5cbjxwPjwvcD5cblxuIiwiaGFzaCI6ImYxY2I0NjQyNWY2N2FhN2Y1NWU0NmFlYWRjYTYwMTRhYzI1MjZkYjgiLCJzb3VyY2UiOnsiZW50cnlfdGl0bGUiOiJLb250YWt0IiwiZW50cnlfcGFnZSI6MSwic291cmNlX2lkIjoxNywic291cmNlX3R5cGUiOiJzaW5nbGUiLCJyZXF1ZXN0X3VybCI6Imh0dHBzOi8vbG9kei53b3JkY2FtcC5vcmcvMjAxOS93cC1qc29uL3dwL3YyL3BhZ2VzLzE3In0sInZlcnNpb24iOjIsImNpcGhlciI6ImFlcy0yNTYtZ2NtIn0.E0okuw7JWPoAv90O2E-YXdtAspX2x6H05rryWHkCCU8' \/>\n\n\n<p>Na stronie publikujemy wszystkie wa\u017cne informacje dotycz\u0105ce WordCamp \u0141\u00f3d\u017a 2019.<br>Jednak je\u017celi nie znalaz\u0142e\u015b odpowiedzi na swoje pytania w zamieszczanych tutaj materia\u0142ach napisz do nas.<br>Oficjalny adres email to<a href=\"mailto:info@wclodz.pl\"> info@wclodz.pl<\/a><\/p>\n\n\n\n<p>Pytania prosimy przesy\u0142a\u0107 za pomoc\u0105 poni\u017cszego formularza, jedna z os\u00f3b z naszego zespo\u0142u skontaktuje si\u0119 z Tob\u0105.<\/p>\n\n\n\n<div style=\"\"  data-wp-interactive=\"jetpack\/form\" data-wp-context='{\"fieldId\":\"g17-imiinazwisko\",\"fieldType\":\"name\",\"fieldLabel\":\"Imi\\u0119 i nazwisko\",\"fieldValue\":\"\",\"fieldPlaceholder\":\"\",\"fieldIsRequired\":\"1\",\"fieldErrorMessage\":\"\",\"fieldExtra\":[],\"formHash\":\"f1cb46425f67aa7f55e46aeadca6014ac2526db8\"}'  class='grunion-field-name-wrap grunion-field-wrap'  data-wp-init='callbacks.initializeField' data-wp-on--jetpack-form-reset='callbacks.initializeField' >\n<label\n\t\t\t\tfor='g17-imiinazwisko' class=\"grunion-field-label name\" >Imi\u0119 i nazwisko<span class=\"grunion-label-required\" aria-hidden=\"true\">(required)<\/span><\/label>\n<input\n\t\t\t\t\ttype='text'\n\t\t\t\t\tname='g17-imiinazwisko'\n\t\t\t\t\tid='g17-imiinazwisko'\n\t\t\t\t\tvalue=''\n\n\t\t\t\t\tdata-wp-bind--aria-invalid='state.fieldAriaInvalid'\n\t\t\t\t\tdata-wp-bind--value='state.getFieldValue'\n\t\t\t\t\taria-describedby='g17-imiinazwisko-text-error-message'\n\t\t\t\t\tdata-wp-on--input='actions.onFieldChange'\n\t\t\t\t\tdata-wp-on--blur='actions.onFieldBlur'\n\t\t\t\t\tdata-wp-class--has-value='state.hasFieldValue'\n\n\t\t\t\t\tclass='name  grunion-field' \n\t\t\t\t\trequired='true' aria-required='true'  \/>\n \n\t\t\t<div id=\"g17-imiinazwisko-text-error\" class=\"contact-form__input-error\" data-wp-class--has-errors=\"state.fieldHasErrors\">\n\t\t\t\t<span class=\"contact-form__warning-icon\" aria-hidden=\"true\">\n\t\t\t\t\t<svg width=\"16\" height=\"16\" viewBox=\"0 0 16 16\" fill=\"none\" xmlns=\"http:\/\/www.w3.org\/2000\/svg\">\n\t\t\t\t\t\t<path d=\"M8.50015 11.6402H7.50015V10.6402H8.50015V11.6402Z\" \/>\n\t\t\t\t\t\t<path d=\"M7.50015 9.64018H8.50015V6.30684H7.50015V9.64018Z\" \/>\n\t\t\t\t\t\t<path fill-rule=\"evenodd\" clip-rule=\"evenodd\" d=\"M6.98331 3.0947C7.42933 2.30177 8.57096 2.30177 9.01698 3.09469L13.8771 11.7349C14.3145 12.5126 13.7525 13.4735 12.8602 13.4735H3.14004C2.24774 13.4735 1.68575 12.5126 2.12321 11.7349L6.98331 3.0947ZM8.14541 3.58496C8.08169 3.47168 7.9186 3.47168 7.85488 3.58496L2.99478 12.2251C2.93229 12.3362 3.01257 12.4735 3.14004 12.4735H12.8602C12.9877 12.4735 13.068 12.3362 13.0055 12.2251L8.14541 3.58496Z\" \/>\n\t\t\t\t\t<\/svg>\n\t\t\t\t<\/span>\n\t\t\t\t<span data-wp-text=\"state.errorMessage\" id=\"g17-imiinazwisko-text-error-message\"><\/span>\n\t\t\t<\/div> \n\t<\/div>\n\n\n\n<div style=\"\"  data-wp-interactive=\"jetpack\/form\" data-wp-context='{\"fieldId\":\"g17-email\",\"fieldType\":\"email\",\"fieldLabel\":\"Email\",\"fieldValue\":\"\",\"fieldPlaceholder\":\"\",\"fieldIsRequired\":\"1\",\"fieldErrorMessage\":\"\",\"fieldExtra\":[],\"formHash\":\"f1cb46425f67aa7f55e46aeadca6014ac2526db8\"}'  class='grunion-field-email-wrap grunion-field-wrap'  data-wp-init='callbacks.initializeField' data-wp-on--jetpack-form-reset='callbacks.initializeField' >\n<label\n\t\t\t\tfor='g17-email' class=\"grunion-field-label email\" >Email<span class=\"grunion-label-required\" aria-hidden=\"true\">(required)<\/span><\/label>\n<input\n\t\t\t\t\ttype='email'\n\t\t\t\t\tname='g17-email'\n\t\t\t\t\tid='g17-email'\n\t\t\t\t\tvalue=''\n\n\t\t\t\t\tdata-wp-bind--aria-invalid='state.fieldAriaInvalid'\n\t\t\t\t\tdata-wp-bind--value='state.getFieldValue'\n\t\t\t\t\taria-describedby='g17-email-email-error-message'\n\t\t\t\t\tdata-wp-on--input='actions.onFieldChange'\n\t\t\t\t\tdata-wp-on--blur='actions.onFieldBlur'\n\t\t\t\t\tdata-wp-class--has-value='state.hasFieldValue'\n\n\t\t\t\t\tclass='email  grunion-field' \n\t\t\t\t\trequired='true' aria-required='true'  \/>\n \n\t\t\t<div id=\"g17-email-email-error\" class=\"contact-form__input-error\" data-wp-class--has-errors=\"state.fieldHasErrors\">\n\t\t\t\t<span class=\"contact-form__warning-icon\" aria-hidden=\"true\">\n\t\t\t\t\t<svg width=\"16\" height=\"16\" viewBox=\"0 0 16 16\" fill=\"none\" xmlns=\"http:\/\/www.w3.org\/2000\/svg\">\n\t\t\t\t\t\t<path d=\"M8.50015 11.6402H7.50015V10.6402H8.50015V11.6402Z\" \/>\n\t\t\t\t\t\t<path d=\"M7.50015 9.64018H8.50015V6.30684H7.50015V9.64018Z\" \/>\n\t\t\t\t\t\t<path fill-rule=\"evenodd\" clip-rule=\"evenodd\" d=\"M6.98331 3.0947C7.42933 2.30177 8.57096 2.30177 9.01698 3.09469L13.8771 11.7349C14.3145 12.5126 13.7525 13.4735 12.8602 13.4735H3.14004C2.24774 13.4735 1.68575 12.5126 2.12321 11.7349L6.98331 3.0947ZM8.14541 3.58496C8.08169 3.47168 7.9186 3.47168 7.85488 3.58496L2.99478 12.2251C2.93229 12.3362 3.01257 12.4735 3.14004 12.4735H12.8602C12.9877 12.4735 13.068 12.3362 13.0055 12.2251L8.14541 3.58496Z\" \/>\n\t\t\t\t\t<\/svg>\n\t\t\t\t<\/span>\n\t\t\t\t<span data-wp-text=\"state.errorMessage\" id=\"g17-email-email-error-message\"><\/span>\n\t\t\t<\/div> \n\t<\/div>\n\n\n\n<div style=\"\"  data-wp-interactive=\"jetpack\/form\" data-wp-context='{\"fieldId\":\"g17-wiadomo\",\"fieldType\":\"textarea\",\"fieldLabel\":\"Wiadomo\\u015b\\u0107\",\"fieldValue\":\"\",\"fieldPlaceholder\":\"\",\"fieldIsRequired\":\"1\",\"fieldErrorMessage\":\"\",\"fieldExtra\":[],\"formHash\":\"f1cb46425f67aa7f55e46aeadca6014ac2526db8\"}'  class='grunion-field-textarea-wrap grunion-field-wrap'  data-wp-init='callbacks.initializeField' data-wp-on--jetpack-form-reset='callbacks.initializeField' >\n<label\n\t\t\t\tfor='contact-form-comment-g17-wiadomo' class=\"grunion-field-label textarea\" >Wiadomo\u015b\u0107<span class=\"grunion-label-required\" aria-hidden=\"true\">(required)<\/span><\/label>\n<textarea\n\t\t                style=''\n\t\t                name='g17-wiadomo'\n\t\t                id='contact-form-comment-g17-wiadomo'\n\t\t                rows='20'\n\t\t\t\t\t\tdata-wp-text='state.getFieldValue'\n\t\t\t\t\t\tdata-wp-on--input='actions.onFieldChange'\n\t\t\t\t\t\tdata-wp-on--blur='actions.onFieldBlur'\n\t\t\t\t\t\tdata-wp-class--has-value='state.hasFieldValue'\n\t\t\t\t\t\taria-describedby='g17-wiadomo-textarea-error-message'\n\t\t\t\t\t\tdata-wp-bind--aria-invalid='state.fieldAriaInvalid'\n\t\t\t\t\t\tclass='textarea  grunion-field'  required aria-required='true'><\/textarea>\n \n\t\t\t<div id=\"g17-wiadomo-textarea-error\" class=\"contact-form__input-error\" data-wp-class--has-errors=\"state.fieldHasErrors\">\n\t\t\t\t<span class=\"contact-form__warning-icon\" aria-hidden=\"true\">\n\t\t\t\t\t<svg width=\"16\" height=\"16\" viewBox=\"0 0 16 16\" fill=\"none\" xmlns=\"http:\/\/www.w3.org\/2000\/svg\">\n\t\t\t\t\t\t<path d=\"M8.50015 11.6402H7.50015V10.6402H8.50015V11.6402Z\" \/>\n\t\t\t\t\t\t<path d=\"M7.50015 9.64018H8.50015V6.30684H7.50015V9.64018Z\" \/>\n\t\t\t\t\t\t<path fill-rule=\"evenodd\" clip-rule=\"evenodd\" d=\"M6.98331 3.0947C7.42933 2.30177 8.57096 2.30177 9.01698 3.09469L13.8771 11.7349C14.3145 12.5126 13.7525 13.4735 12.8602 13.4735H3.14004C2.24774 13.4735 1.68575 12.5126 2.12321 11.7349L6.98331 3.0947ZM8.14541 3.58496C8.08169 3.47168 7.9186 3.47168 7.85488 3.58496L2.99478 12.2251C2.93229 12.3362 3.01257 12.4735 3.14004 12.4735H12.8602C12.9877 12.4735 13.068 12.3362 13.0055 12.2251L8.14541 3.58496Z\" \/>\n\t\t\t\t\t<\/svg>\n\t\t\t\t<\/span>\n\t\t\t\t<span data-wp-text=\"state.errorMessage\" id=\"g17-wiadomo-textarea-error-message\"><\/span>\n\t\t\t<\/div>\n\t<\/div>\n\n\n\n<div style=\"\"  data-wp-interactive=\"jetpack\/form\" data-wp-context='{\"fieldId\":\"g17-wyraamzgodnaprzetwarzanieprzezorganizatorwwordcampd2019danychosobowychzawartychwformularzukontaktowymwceluudzieleniaodpowiedzinazgoszonyproblem\",\"fieldType\":\"checkbox\",\"fieldLabel\":\"Wyra\\u017cam zgod\\u0119 na przetwarzanie przez organizator\\u00f3w WordCamp \\u0141\\u00f3d\\u017a 2019 danych osobowych zawartych w formularzu kontaktowym w celu udzielenia odpowiedzi na zg\\u0142oszony problem.\",\"fieldValue\":\"\",\"fieldPlaceholder\":\"\",\"fieldIsRequired\":\"1\",\"fieldErrorMessage\":\"\",\"fieldExtra\":[],\"formHash\":\"f1cb46425f67aa7f55e46aeadca6014ac2526db8\"}'  class='grunion-field-checkbox-wrap grunion-field-wrap'  data-wp-init='callbacks.initializeField' data-wp-on--jetpack-form-reset='callbacks.initializeField' >\n<div class='contact-form__checkbox-wrap' style='' ><input id='g17-wyraamzgodnaprzetwarzanieprzezorganizatorwwordcampd2019danychosobowychzawartychwformularzukontaktowymwceluudzieleniaodpowiedzinazgoszonyproblem' type='checkbox' data-wp-on--change='actions.onFieldChange' name='g17-wyraamzgodnaprzetwarzanieprzezorganizatorwwordcampd2019danychosobowychzawartychwformularzukontaktowymwceluudzieleniaodpowiedzinazgoszonyproblem' value='Yes' class='checkbox  grunion-field'  required aria-required='true'\/> \n<label for='g17-wyraamzgodnaprzetwarzanieprzezorganizatorwwordcampd2019danychosobowychzawartychwformularzukontaktowymwceluudzieleniaodpowiedzinazgoszonyproblem' class='grunion-field-label checkbox' style=''>Wyra\u017cam zgod\u0119 na przetwarzanie przez organizator\u00f3w WordCamp \u0141\u00f3d\u017a 2019 danych osobowych zawartych w formularzu kontaktowym w celu udzielenia odpowiedzi na zg\u0142oszony problem.<span class=\"grunion-label-required\" aria-hidden=\"true\">(required)<\/span><\/label>\n<div class='clear-form'><\/div>\n<\/div>\n\t\t\t<div id=\"g17-wyraamzgodnaprzetwarzanieprzezorganizatorwwordcampd2019danychosobowychzawartychwformularzukontaktowymwceluudzieleniaodpowiedzinazgoszonyproblem-checkbox-error\" class=\"contact-form__input-error\" data-wp-class--has-errors=\"state.fieldHasErrors\">\n\t\t\t\t<span class=\"contact-form__warning-icon\" aria-hidden=\"true\">\n\t\t\t\t\t<svg width=\"16\" height=\"16\" viewBox=\"0 0 16 16\" fill=\"none\" xmlns=\"http:\/\/www.w3.org\/2000\/svg\">\n\t\t\t\t\t\t<path d=\"M8.50015 11.6402H7.50015V10.6402H8.50015V11.6402Z\" \/>\n\t\t\t\t\t\t<path d=\"M7.50015 9.64018H8.50015V6.30684H7.50015V9.64018Z\" \/>\n\t\t\t\t\t\t<path fill-rule=\"evenodd\" clip-rule=\"evenodd\" d=\"M6.98331 3.0947C7.42933 2.30177 8.57096 2.30177 9.01698 3.09469L13.8771 11.7349C14.3145 12.5126 13.7525 13.4735 12.8602 13.4735H3.14004C2.24774 13.4735 1.68575 12.5126 2.12321 11.7349L6.98331 3.0947ZM8.14541 3.58496C8.08169 3.47168 7.9186 3.47168 7.85488 3.58496L2.99478 12.2251C2.93229 12.3362 3.01257 12.4735 3.14004 12.4735H12.8602C12.9877 12.4735 13.068 12.3362 13.0055 12.2251L8.14541 3.58496Z\" \/>\n\t\t\t\t\t<\/svg>\n\t\t\t\t<\/span>\n\t\t\t\t<span data-wp-text=\"state.errorMessage\" id=\"g17-wyraamzgodnaprzetwarzanieprzezorganizatorwwordcampd2019danychosobowychzawartychwformularzukontaktowymwceluudzieleniaodpowiedzinazgoszonyproblem-checkbox-error-message\"><\/span>\n\t\t\t<\/div>\t<\/div>\n\n\n\n<p><\/p>\n\n\t<p class='contact-submit'>\n<div class=\"contact-form__error\" data-wp-class--show-errors=\"state.showFormErrors\"><span class=\"contact-form__warning-icon\" aria-hidden=\"true\"><i><\/i><\/span><span class=\"contact-form__error-message\" tabindex=\"-1\" data-wp-watch=\"callbacks.focusOnValidationError\" data-wp-text=\"state.getFormErrorMessage\"><\/span><ul aria-label=\"Form errors\">\n\t\t\t\t<template data-wp-each=\"state.getErrorList\" data-wp-key=\"context.item.id\">\n\t\t\t\t\t<li><a data-wp-bind--href=\"context.item.anchor\" data-wp-on--click=\"actions.scrollIntoView\" data-wp-text=\"context.item.label\"><\/a><\/li>\n\t\t\t\t<\/template>\n\t\t\t\t<\/ul><\/div><div class=\"contact-form__error\" data-wp-class--show-errors=\"state.showSubmissionError\" data-wp-text=\"context.submissionError\" tabindex=\"-1\" data-wp-watch=\"callbacks.focusOnSubmissionError\"><\/div>\t\t<button type='submit' class='pushbutton-wide'>Napisz do nas!<\/button>\t\t<input type='hidden' name='is_block' value='1' \/>\n\t\t<input type='hidden' name='contact-form-id' value='17' \/>\n\t\t<input type='hidden' name='action' value='grunion-contact-form' \/>\n\t\t<input type='hidden' name='contact-form-hash' value='f1cb46425f67aa7f55e46aeadca6014ac2526db8' \/>\n\t<\/p>\n<p style=\"display: none !important;\" class=\"akismet-fields-container\" data-prefix=\"ak_\"><label>&#916;<textarea name=\"ak_hp_textarea\" cols=\"45\" rows=\"8\" maxlength=\"100\"><\/textarea><\/label><input type=\"hidden\" id=\"ak_js_1\" name=\"ak_js\" value=\"150\"\/><script type=\"text\/javascript\">\n\/* <![CDATA[ *\/\ndocument.getElementById( \"ak_js_1\" ).setAttribute( \"value\", ( new Date() ).getTime() );\n\/* ]]> *\/\n<\/script>\n<\/p><\/form>\n<\/div>","protected":false},"excerpt":{"rendered":"","protected":false},"author":13842562,"featured_media":0,"parent":0,"menu_order":0,"comment_status":"closed","ping_status":"closed","template":"","meta":{"jetpack_post_was_ever_published":false,"footnotes":""},"class_list":["post-17","page","type-page","status-publish","hentry"],"jetpack_sharing_enabled":true,"jetpack_shortlink":"https:\/\/wp.me\/PaUnkX-h","_links":{"self":[{"href":"https:\/\/lodz.wordcamp.org\/2019\/wp-json\/wp\/v2\/pages\/17","targetHints":{"allow":["GET"]}}],"collection":[{"href":"https:\/\/lodz.wordcamp.org\/2019\/wp-json\/wp\/v2\/pages"}],"about":[{"href":"https:\/\/lodz.wordcamp.org\/2019\/wp-json\/wp\/v2\/types\/page"}],"author":[{"embeddable":true,"href":"https:\/\/lodz.wordcamp.org\/2019\/wp-json\/wp\/v2\/users\/13842562"}],"replies":[{"embeddable":true,"href":"https:\/\/lodz.wordcamp.org\/2019\/wp-json\/wp\/v2\/comments?post=17"}],"version-history":[{"count":4,"href":"https:\/\/lodz.wordcamp.org\/2019\/wp-json\/wp\/v2\/pages\/17\/revisions"}],"predecessor-version":[{"id":5682,"href":"https:\/\/lodz.wordcamp.org\/2019\/wp-json\/wp\/v2\/pages\/17\/revisions\/5682"}],"wp:attachment":[{"href":"https:\/\/lodz.wordcamp.org\/2019\/wp-json\/wp\/v2\/media?parent=17"}],"curies":[{"name":"wp","href":"https:\/\/api.w.org\/{rel}","templated":true}]}}