{"id":13,"date":"2019-06-24T14:40:46","date_gmt":"2019-06-24T14:40:46","guid":{"rendered":"https:\/\/2019.lodz.wordcamp.org\/?page_id=13"},"modified":"2019-11-07T12:02:57","modified_gmt":"2019-11-07T12:02:57","slug":"bilety","status":"publish","type":"page","link":"https:\/\/lodz.wordcamp.org\/2019\/bilety\/","title":{"rendered":"Bilety na WordCamp \u0141\u00f3d\u017a 2019"},"content":{"rendered":"\n<figure class=\"wp-block-image\"><img loading=\"lazy\" decoding=\"async\" width=\"1024\" height=\"512\" src=\"https:\/\/2019.lodz.wordcamp.org\/files\/2019\/06\/bilety-1024x512.jpg\" alt=\"\" class=\"wp-image-316\" srcset=\"https:\/\/lodz.wordcamp.org\/2019\/files\/2019\/06\/bilety-1024x512.jpg 1024w, https:\/\/lodz.wordcamp.org\/2019\/files\/2019\/06\/bilety-300x150.jpg 300w, https:\/\/lodz.wordcamp.org\/2019\/files\/2019\/06\/bilety-768x384.jpg 768w, https:\/\/lodz.wordcamp.org\/2019\/files\/2019\/06\/bilety-500x250.jpg 500w, https:\/\/lodz.wordcamp.org\/2019\/files\/2019\/06\/bilety.jpg 1200w\" sizes=\"auto, (max-width: 1024px) 100vw, 1024px\" \/><\/figure>\n\n\n\n<h3 class=\"wp-block-heading\">Uwaga!<\/h3>\n\n\n\n<p>Ze wzgl\u0119du na kwestie logistyczne oraz organizacyjne, bilety na&nbsp;<strong>WordCamp \u0141\u00f3d\u017a 2019<\/strong>&nbsp;b\u0119dziecie mogli naby\u0107 najp\u00f3\u017aniej do&nbsp;<strong>10 listopada<\/strong>. Wynika to z potrzeby odpowiedniego przygotowania si\u0119 hotelu na okre\u015blon\u0105 ilo\u015b\u0107 os\u00f3b, zaplanowania cateringu oraz przygotowania sal.<\/p>\n\n\n\n<p>Je\u015bli jeste\u015b zainteresowany uczestnictwem w WordCamp \u0141\u00f3d\u017a, nie zwlekaj \u2013 masz czas do <strong>10 listopada do p\u00f3\u0142nocy<\/strong>.<\/p>\n\n\n\n<p>Zakup biletu <strong>upowa\u017cnia Ci\u0119<\/strong> do:<\/p>\n\n\n\n<ul class=\"wp-block-list\"><li>Uczestnictwa we wszystkich 3 dniach konferencji (22-24 listopada)<\/li><li>Uczestnictwa w <strong>Warsztatach<\/strong> (22 listopada)<\/li><li>Uczestnictwa w <a href=\"https:\/\/2019.lodz.wordcamp.org\/czym-jest-contributor-day\/\">Contributor Day<\/a>  (22 listopada)<\/li><li>Uczestnictwa w 2-ch dniach konferencji pe\u0142nych \u015bwietnych prelekcji (23-24 listopada)<\/li><\/ul>\n\n\n\n<p>Poza tym <strong>cena biletu obejmuje<\/strong>:<\/p>\n\n\n\n<ul class=\"wp-block-list\"><li><strong>Lunch<\/strong> oraz kaw\u0119 w trakcie trwania konferencji<\/li><li>Uczestnictwo w <a href=\"https:\/\/2019.lodz.wordcamp.org\/middle-party\/\">Middle Party<\/a> (23 listopada)<\/li><li>Oficjalny <strong>Swag<\/strong> WordCamp \u0141\u00f3d\u017a 2019<\/li><\/ul>\n\n\n\n<p>Wype\u0142niaj\u0105c poni\u017cszy formularz zakupu biletu prosimy aby\u015b r\u00f3wnie\u017c okre\u015bli\u0142 swoje g\u0142\u00f3wne zainteresowanie w bran\u017cy IT. To b\u0119dzie dla nas bardzo pomocna informacja.<\/p>\n\n\n\n<h2 class=\"wp-block-heading\">Kup bilet!<\/h2>\n\n\n\n<p><strong>Sprzeda\u017c bilet\u00f3w zosta\u0142a zako\u0144czona.<\/strong><\/p>\n\n\n\n<p>P\u0142atno\u015bci za bilety mo\u017cna dokona\u0107 tylko za po\u015brednictwem <strong>PayPal<\/strong>. Bardzo nam przykro, \u017ce tylko ta metoda jest dost\u0119pna, ale jest to niezale\u017cne od nas. W przypadku problem\u00f3w z p\u0142atno\u015bciami poprzez PayPal &#8211; prosimy o <a rel=\"noreferrer noopener\" aria-label=\"kontakt (opens in a new tab)\" href=\"https:\/\/2019.lodz.wordcamp.org\/kontakt\/\" target=\"_blank\">kontakt<\/a>.<\/p>\n\n\n\n<p>Zakup biletu umo\u017cliwia wzi\u0119cie udzia\u0142u r\u00f3wnie\u017c w Contributor Day i warsztatach. Niebawem zostanie uruchomiony dodatkowy zapis na <strong>Contributor Day i warsztaty<\/strong> dla os\u00f3b posiadaj\u0105cych bilet na WordCamp. <br>Ilo\u015b\u0107 miejsc na warsztatach b\u0119dzie ograniczona.<\/p>\n\n\n\n<h2 class=\"wp-block-heading\">Bilety dla sponsor\u00f3w<\/h2>\n\n\n\n<p>Wykupienie pakietu sponsorskiego przez Sponsora jest jednoznaczne z nabyciem bilet\u00f3w wst\u0119pu na konferencj\u0119. Szczeg\u00f3\u0142y dotycz\u0105ce ilo\u015bci bilet\u00f3w od okre\u015blonego pakietu s\u0105 dok\u0142adnie opisane na podstronie <a rel=\"noreferrer noopener\" aria-label=\"Zosta\u0144 Sponsorem (opens in a new tab)\" href=\"https:\/\/2019.lodz.wordcamp.org\/zostan-sponsorem-wordcamp-lodz-2019\/\" target=\"_blank\">Zosta\u0144 Sponsorem<\/a>. <br>W razie jakichkolwiek pyta\u0144 jeste\u015bmy do dyspozycji pod <a href=\"mailto:info@wclodz.pl\">info@wclodz.pl<\/a>.<\/p>\n\n\n\n<h2 class=\"wp-block-heading\">Pochwal si\u0119 swoim uczestnictwem \ud83d\ude42<\/h2>\n\n\n\n<p>Jeste\u015b ju\u017c szcz\u0119\u015bliwym posiadaczem biletu na WordCamp \u0141\u00f3d\u017a 2019? U\u017cyj poni\u017cszego obrazka jako t\u0142a na swoim profilu na facebooku i pochwal si\u0119 innym:<\/p>\n\n\n\n<div class=\"wp-block-file\"><a href=\"https:\/\/2019.lodz.wordcamp.org\/files\/2019\/07\/Facebook-Cover-uczestnik.jpg\">Facebook Cover uczestnik<\/a><a href=\"https:\/\/2019.lodz.wordcamp.org\/files\/2019\/07\/Facebook-Cover-uczestnik.jpg\" class=\"wp-block-file__button\" download>Pobierz Obrazek<\/a><\/div>\n","protected":false},"excerpt":{"rendered":"<p>Uwaga! Ze wzgl\u0119du na kwestie logistyczne oraz organizacyjne, bilety na&nbsp;WordCamp \u0141\u00f3d\u017a 2019&nbsp;b\u0119dziecie mogli naby\u0107 najp\u00f3\u017aniej do&nbsp;10 listopada. Wynika to z potrzeby odpowiedniego przygotowania si\u0119 hotelu na okre\u015blon\u0105 ilo\u015b\u0107 os\u00f3b, zaplanowania cateringu oraz przygotowania sal. Je\u015bli jeste\u015b zainteresowany uczestnictwem w WordCamp \u0141\u00f3d\u017a, nie zwlekaj \u2013 masz czas do 10 listopada do p\u00f3\u0142nocy. Zakup biletu upowa\u017cnia Ci\u0119 &hellip; <a href=\"https:\/\/lodz.wordcamp.org\/2019\/bilety\/\" class=\"more-link\">Czytaj dalej<span class=\"screen-reader-text\"> \u201eBilety na WordCamp \u0141\u00f3d\u017a 2019\u201d<\/span><\/a><\/p>\n","protected":false},"author":13842562,"featured_media":665,"parent":0,"menu_order":0,"comment_status":"closed","ping_status":"closed","template":"","meta":{"jetpack_post_was_ever_published":false,"footnotes":""},"class_list":["post-13","page","type-page","status-publish","has-post-thumbnail","hentry"],"jetpack_sharing_enabled":true,"jetpack_shortlink":"https:\/\/wp.me\/PaUnkX-d","_links":{"self":[{"href":"https:\/\/lodz.wordcamp.org\/2019\/wp-json\/wp\/v2\/pages\/13","targetHints":{"allow":["GET"]}}],"collection":[{"href":"https:\/\/lodz.wordcamp.org\/2019\/wp-json\/wp\/v2\/pages"}],"about":[{"href":"https:\/\/lodz.wordcamp.org\/2019\/wp-json\/wp\/v2\/types\/page"}],"author":[{"embeddable":true,"href":"https:\/\/lodz.wordcamp.org\/2019\/wp-json\/wp\/v2\/users\/13842562"}],"replies":[{"embeddable":true,"href":"https:\/\/lodz.wordcamp.org\/2019\/wp-json\/wp\/v2\/comments?post=13"}],"version-history":[{"count":22,"href":"https:\/\/lodz.wordcamp.org\/2019\/wp-json\/wp\/v2\/pages\/13\/revisions"}],"predecessor-version":[{"id":2361,"href":"https:\/\/lodz.wordcamp.org\/2019\/wp-json\/wp\/v2\/pages\/13\/revisions\/2361"}],"wp:featuredmedia":[{"embeddable":true,"href":"https:\/\/lodz.wordcamp.org\/2019\/wp-json\/wp\/v2\/media\/665"}],"wp:attachment":[{"href":"https:\/\/lodz.wordcamp.org\/2019\/wp-json\/wp\/v2\/media?parent=13"}],"curies":[{"name":"wp","href":"https:\/\/api.w.org\/{rel}","templated":true}]}}