{"id":12,"date":"2019-04-17T10:18:16","date_gmt":"2019-04-17T10:18:16","guid":{"rendered":"https:\/\/2019.lodz.wordcamp.org\/organizers\/"},"modified":"2019-11-12T19:30:21","modified_gmt":"2019-11-12T19:30:21","slug":"organizatorzy","status":"publish","type":"page","link":"https:\/\/lodz.wordcamp.org\/2019\/organizatorzy\/","title":{"rendered":"Organizatorzy"},"content":{"rendered":"\n<figure class=\"wp-block-image\"><img loading=\"lazy\" decoding=\"async\" width=\"800\" height=\"400\" src=\"https:\/\/2019.lodz.wordcamp.org\/files\/2019\/06\/organizatorzy.png\" alt=\"\" class=\"wp-image-456\" srcset=\"https:\/\/lodz.wordcamp.org\/2019\/files\/2019\/06\/organizatorzy.png 800w, https:\/\/lodz.wordcamp.org\/2019\/files\/2019\/06\/organizatorzy-300x150.png 300w, https:\/\/lodz.wordcamp.org\/2019\/files\/2019\/06\/organizatorzy-768x384.png 768w, https:\/\/lodz.wordcamp.org\/2019\/files\/2019\/06\/organizatorzy-500x250.png 500w\" sizes=\"auto, (max-width: 800px) 100vw, 800px\" \/><\/figure>\n\n\n\n<p>Organizacja wydarzenia jakim jest WordCamp to przede wszystkim niesamowite wyzwanie i \u015bwietne \u017cyciowe do\u015bwiadczenie. W tym roku organizacj\u0105 zajmuje si\u0119 \u0142\u00f3dzka cz\u0119\u015b\u0107 spo\u0142eczno\u015bci, do kt\u00f3rej nale\u017c\u0105: <\/p>\n\n\n\t<div class=\"wcorg-organizers\">\n\n\t\t\n\t\t\t<div class=\"wcorg-organizer\">\n\t\t\t\t<h2>Agnieszka Palmowska<\/h2>\n\t\t\t\t<div class=\"wcorg-organizer-description\">\n\t\t\t\t\t\t\t\t\t\t<img alt='' src='https:\/\/secure.gravatar.com\/avatar\/e90f5b3777fb0e4c41e62625e3ba85093e8a8b87579c521afeb8684a635c34d9?s=100&#038;d=mm&#038;r=g' srcset='https:\/\/secure.gravatar.com\/avatar\/e90f5b3777fb0e4c41e62625e3ba85093e8a8b87579c521afeb8684a635c34d9?s=200&#038;d=mm&#038;r=g 2x' class='avatar avatar-100 photo' height='100' width='100' \/>\t\t\t\t\t\n<p>Cze\u015b\u0107! Jestem projektantk\u0105 UI\/UX oraz front-end deweloperem. Pracuj\u0119 zar\u00f3wno nad estetyk\u0105 projektu jak i jego zoptymalizowanym kodem. Bior\u0119 udzia\u0142 w rozwoju frameworka <a rel=\"noreferrer noopener\" aria-label=\"SasquatchWP (opens in a new tab)\" href=\"https:\/\/github.com\/SasquatchWP\/SasquatchWP\" target=\"_blank\">SasquatchWP<\/a> &#8211; jest to WordPress Theme Platform oparty o Bedrock, Timber i Zurb Foundation.<br>&#8222;Po godzinach&#8221; \u015bmigam na szosie, gram na b\u0119bnach djembe i gram w plansz\u00f3wki.<\/p>\n\t\t\t\t<\/div>\n\t\t\t<\/div>\n\n\t\t\n\t\t\t<div class=\"wcorg-organizer\">\n\t\t\t\t<h2>Maciej Palmowski<\/h2>\n\t\t\t\t<div class=\"wcorg-organizer-description\">\n\t\t\t\t\t\t\t\t\t\t<img alt='' src='https:\/\/secure.gravatar.com\/avatar\/a994ca6946b431eaa5a51804f5eec26ef034dfc25435a26142fd9fc6318eb03b?s=100&#038;d=mm&#038;r=g' srcset='https:\/\/secure.gravatar.com\/avatar\/a994ca6946b431eaa5a51804f5eec26ef034dfc25435a26142fd9fc6318eb03b?s=200&#038;d=mm&#038;r=g 2x' class='avatar avatar-100 photo' height='100' width='100' \/>\t\t\t\t\t\n<p>Hej! Hobbystycznie i zawodowo jestem programist\u0105. Bior\u0119 udzia\u0142 w rozwoju WordPress&#8217;a (jestem core contributorem) oraz w projektach z nim powi\u0105zanymi (Timber czy SasquatchWP). Po godzinach lubi\u0119 napi\u0107 si\u0119 dobrej kawy oraz poje\u017adzi\u0107 na rowerze.<\/p>\n\t\t\t\t<\/div>\n\t\t\t<\/div>\n\n\t\t\n\t<\/div><!-- .wcorg-organizers -->\n\t\n","protected":false},"excerpt":{"rendered":"<p>Organizacja wydarzenia jakim jest WordCamp to przede wszystkim niesamowite wyzwanie i \u015bwietne \u017cyciowe do\u015bwiadczenie. W tym roku organizacj\u0105 zajmuje si\u0119 \u0142\u00f3dzka cz\u0119\u015b\u0107 spo\u0142eczno\u015bci, do kt\u00f3rej nale\u017c\u0105:<\/p>\n","protected":false},"author":13842562,"featured_media":0,"parent":0,"menu_order":0,"comment_status":"closed","ping_status":"closed","template":"","meta":{"jetpack_post_was_ever_published":false,"footnotes":""},"class_list":["post-12","page","type-page","status-publish","hentry"],"jetpack_sharing_enabled":true,"jetpack_shortlink":"https:\/\/wp.me\/PaUnkX-c","_links":{"self":[{"href":"https:\/\/lodz.wordcamp.org\/2019\/wp-json\/wp\/v2\/pages\/12","targetHints":{"allow":["GET"]}}],"collection":[{"href":"https:\/\/lodz.wordcamp.org\/2019\/wp-json\/wp\/v2\/pages"}],"about":[{"href":"https:\/\/lodz.wordcamp.org\/2019\/wp-json\/wp\/v2\/types\/page"}],"author":[{"embeddable":true,"href":"https:\/\/lodz.wordcamp.org\/2019\/wp-json\/wp\/v2\/users\/13842562"}],"replies":[{"embeddable":true,"href":"https:\/\/lodz.wordcamp.org\/2019\/wp-json\/wp\/v2\/comments?post=12"}],"version-history":[{"count":15,"href":"https:\/\/lodz.wordcamp.org\/2019\/wp-json\/wp\/v2\/pages\/12\/revisions"}],"predecessor-version":[{"id":5531,"href":"https:\/\/lodz.wordcamp.org\/2019\/wp-json\/wp\/v2\/pages\/12\/revisions\/5531"}],"wp:attachment":[{"href":"https:\/\/lodz.wordcamp.org\/2019\/wp-json\/wp\/v2\/media?parent=12"}],"curies":[{"name":"wp","href":"https:\/\/api.w.org\/{rel}","templated":true}]}}