{"id":11,"date":"2019-04-17T10:18:16","date_gmt":"2019-04-17T10:18:16","guid":{"rendered":"https:\/\/2019.lodz.wordcamp.org\/location\/"},"modified":"2019-06-20T09:58:53","modified_gmt":"2019-06-20T09:58:53","slug":"lokalizacja","status":"publish","type":"page","link":"https:\/\/lodz.wordcamp.org\/2019\/lokalizacja\/","title":{"rendered":"Lokalizacja"},"content":{"rendered":"\n<figure class=\"wp-block-image\"><img loading=\"lazy\" decoding=\"async\" width=\"1024\" height=\"513\" src=\"https:\/\/2019.lodz.wordcamp.org\/files\/2019\/06\/lokalizacja-1024x513.jpg\" alt=\"\" class=\"wp-image-282\" srcset=\"https:\/\/lodz.wordcamp.org\/2019\/files\/2019\/06\/lokalizacja-1024x513.jpg 1024w, https:\/\/lodz.wordcamp.org\/2019\/files\/2019\/06\/lokalizacja-300x150.jpg 300w, https:\/\/lodz.wordcamp.org\/2019\/files\/2019\/06\/lokalizacja-768x385.jpg 768w, https:\/\/lodz.wordcamp.org\/2019\/files\/2019\/06\/lokalizacja-500x250.jpg 500w, https:\/\/lodz.wordcamp.org\/2019\/files\/2019\/06\/lokalizacja.jpg 1200w\" sizes=\"auto, (max-width: 1024px) 100vw, 1024px\" \/><\/figure>\n\n\n\n<p>Tegoroczny WordCamp \u0141\u00f3d\u017a odb\u0119dzie si\u0119 w samym centrum miasta w <strong>Hotelu Ambasador Premium<\/strong> przy ulicy Kili\u0144skiego 145.<\/p>\n\n\n\n<p>Ka\u017cda cz\u0119\u015b\u0107 eventu czyli Contributor Day (22 listopad), dwa dni konferencyjne (23-24 listopad) oraz Middle Party odb\u0119d\u0105 si\u0119 w\u0142a\u015bnie tutaj, w jednym miejscu.<\/p>\n\n\n\n<h3 class=\"wp-block-heading\">Lokalizacja na mapie:<\/h3>\n\n\n\n<div class=\"googlemaps\">\n\t\t\t\t<iframe loading=\"lazy\" width=\"600\" height=\"450\" frameborder=\"0\" scrolling=\"no\" marginheight=\"0\" marginwidth=\"0\"  src=\"https:\/\/www.google.com\/maps\/embed?pb=!1m18!1m12!1m3!1d436.56567531901305!2d19.46892816591369!3d51.75884973645285!2m3!1f0!2f0!3f0!3m2!1i1024!2i768!4f13.1!3m3!1m2!1s0x471a34cd8a2aaf43:0xca337d1a70605184!2sAmbasador%20Hotel!5e0!3m2!1spl!2sde!4v1561020305820!5m2!1spl!2sde\"><\/iframe>\n\t\t\t<\/div>\n\n\n\n<p><strong>Adres:<\/strong>  Kili\u0144skiego 145, 90-315 \u0141\u00f3d\u017a<br><strong>Facebook:<\/strong>  <a href=\"https:\/\/www.facebook.com\/Hotel_Ambasador_Premium-1957006594549734\/\" rel=\"nofollow\">https:\/\/www.facebook.com\/Hotel_Ambasador_Premium-1957006594549734\/<\/a><\/p>\n\n\n\n<p>Hotel znajduje si\u0119 w bliskim s\u0105siedztwie s\u0142ynnej ulicy <strong>Piotrkowskiej<\/strong>, popularnego miejsca spotka\u0144 <strong>OFF Piotrkowska<\/strong> gdzie znajdziecie wiele restauracji, pub\u00f3w i ciekawych sklep\u00f3w.<br>Obok Ambasadora zlokalizowana jest jedna z galerii handlowych &#8211; Galeria \u0141\u00f3dzka oraz Multikino.<br>Niebawem przygotujemy dla Was list\u0119 polecanych miejsc! \ud83d\ude42<\/p>\n\n\n\n<h3 class=\"wp-block-heading\">Hotel Ambasador Premium w obiektywie:<\/h3>\n\n\n\n<ul class=\"wp-block-gallery columns-3 is-cropped wp-block-gallery-1 is-layout-flex wp-block-gallery-is-layout-flex\"><li class=\"blocks-gallery-item\"><figure><a href=\"https:\/\/2019.lodz.wordcamp.org\/files\/2019\/06\/21457748_1957023201214740_5801539219996357245_o-1024x681.jpg\"><img loading=\"lazy\" decoding=\"async\" width=\"1024\" height=\"681\" src=\"https:\/\/2019.lodz.wordcamp.org\/files\/2019\/06\/21457748_1957023201214740_5801539219996357245_o-1024x681.jpg\" alt=\"\" data-id=\"293\" data-link=\"https:\/\/2019.lodz.wordcamp.org\/lokalizacja\/21457748_1957023201214740_5801539219996357245_o\/\" class=\"wp-image-293\" srcset=\"https:\/\/lodz.wordcamp.org\/2019\/files\/2019\/06\/21457748_1957023201214740_5801539219996357245_o-1024x681.jpg 1024w, https:\/\/lodz.wordcamp.org\/2019\/files\/2019\/06\/21457748_1957023201214740_5801539219996357245_o-300x200.jpg 300w, https:\/\/lodz.wordcamp.org\/2019\/files\/2019\/06\/21457748_1957023201214740_5801539219996357245_o-768x511.jpg 768w, https:\/\/lodz.wordcamp.org\/2019\/files\/2019\/06\/21457748_1957023201214740_5801539219996357245_o-451x300.jpg 451w, https:\/\/lodz.wordcamp.org\/2019\/files\/2019\/06\/21457748_1957023201214740_5801539219996357245_o.jpg 2048w\" sizes=\"auto, (max-width: 1024px) 100vw, 1024px\" \/><\/a><\/figure><\/li><li class=\"blocks-gallery-item\"><figure><a href=\"https:\/\/2019.lodz.wordcamp.org\/files\/2019\/06\/21319131_1957036797880047_1774464257919956749_o-1024x681.jpg\"><img loading=\"lazy\" decoding=\"async\" width=\"1024\" height=\"681\" src=\"https:\/\/2019.lodz.wordcamp.org\/files\/2019\/06\/21319131_1957036797880047_1774464257919956749_o-1024x681.jpg\" alt=\"\" data-id=\"289\" data-link=\"https:\/\/2019.lodz.wordcamp.org\/lokalizacja\/21319131_1957036797880047_1774464257919956749_o\/\" class=\"wp-image-289\" srcset=\"https:\/\/lodz.wordcamp.org\/2019\/files\/2019\/06\/21319131_1957036797880047_1774464257919956749_o-1024x681.jpg 1024w, https:\/\/lodz.wordcamp.org\/2019\/files\/2019\/06\/21319131_1957036797880047_1774464257919956749_o-300x200.jpg 300w, https:\/\/lodz.wordcamp.org\/2019\/files\/2019\/06\/21319131_1957036797880047_1774464257919956749_o-768x511.jpg 768w, https:\/\/lodz.wordcamp.org\/2019\/files\/2019\/06\/21319131_1957036797880047_1774464257919956749_o-451x300.jpg 451w, https:\/\/lodz.wordcamp.org\/2019\/files\/2019\/06\/21319131_1957036797880047_1774464257919956749_o.jpg 1064w\" sizes=\"auto, (max-width: 1024px) 100vw, 1024px\" \/><\/a><\/figure><\/li><li class=\"blocks-gallery-item\"><figure><a href=\"https:\/\/2019.lodz.wordcamp.org\/files\/2019\/06\/21414733_1957036987880028_1714660679019867599_o-1024x682.jpg\"><img loading=\"lazy\" decoding=\"async\" width=\"1024\" height=\"682\" src=\"https:\/\/2019.lodz.wordcamp.org\/files\/2019\/06\/21414733_1957036987880028_1714660679019867599_o-1024x682.jpg\" alt=\"\" data-id=\"292\" data-link=\"https:\/\/2019.lodz.wordcamp.org\/lokalizacja\/21414733_1957036987880028_1714660679019867599_o\/\" class=\"wp-image-292\" srcset=\"https:\/\/lodz.wordcamp.org\/2019\/files\/2019\/06\/21414733_1957036987880028_1714660679019867599_o-1024x682.jpg 1024w, https:\/\/lodz.wordcamp.org\/2019\/files\/2019\/06\/21414733_1957036987880028_1714660679019867599_o-300x200.jpg 300w, https:\/\/lodz.wordcamp.org\/2019\/files\/2019\/06\/21414733_1957036987880028_1714660679019867599_o-768x511.jpg 768w, https:\/\/lodz.wordcamp.org\/2019\/files\/2019\/06\/21414733_1957036987880028_1714660679019867599_o-451x300.jpg 451w, https:\/\/lodz.wordcamp.org\/2019\/files\/2019\/06\/21414733_1957036987880028_1714660679019867599_o.jpg 2048w\" sizes=\"auto, (max-width: 1024px) 100vw, 1024px\" \/><\/a><\/figure><\/li><li class=\"blocks-gallery-item\"><figure><a href=\"https:\/\/2019.lodz.wordcamp.org\/files\/2019\/06\/21366669_1957036984546695_8439802667494759184_o-1024x682.jpg\"><img loading=\"lazy\" decoding=\"async\" width=\"1024\" height=\"682\" src=\"https:\/\/2019.lodz.wordcamp.org\/files\/2019\/06\/21366669_1957036984546695_8439802667494759184_o-1024x682.jpg\" alt=\"\" data-id=\"291\" data-link=\"https:\/\/2019.lodz.wordcamp.org\/lokalizacja\/21366669_1957036984546695_8439802667494759184_o\/\" class=\"wp-image-291\" srcset=\"https:\/\/lodz.wordcamp.org\/2019\/files\/2019\/06\/21366669_1957036984546695_8439802667494759184_o-1024x682.jpg 1024w, https:\/\/lodz.wordcamp.org\/2019\/files\/2019\/06\/21366669_1957036984546695_8439802667494759184_o-300x200.jpg 300w, https:\/\/lodz.wordcamp.org\/2019\/files\/2019\/06\/21366669_1957036984546695_8439802667494759184_o-768x511.jpg 768w, https:\/\/lodz.wordcamp.org\/2019\/files\/2019\/06\/21366669_1957036984546695_8439802667494759184_o-451x300.jpg 451w, https:\/\/lodz.wordcamp.org\/2019\/files\/2019\/06\/21366669_1957036984546695_8439802667494759184_o.jpg 2048w\" sizes=\"auto, (max-width: 1024px) 100vw, 1024px\" \/><\/a><\/figure><\/li><li class=\"blocks-gallery-item\"><figure><a href=\"https:\/\/2019.lodz.wordcamp.org\/files\/2019\/06\/21366650_1957036791213381_2387684437537781792_o-1024x681.jpg\"><img loading=\"lazy\" decoding=\"async\" width=\"1024\" height=\"681\" src=\"https:\/\/2019.lodz.wordcamp.org\/files\/2019\/06\/21366650_1957036791213381_2387684437537781792_o-1024x681.jpg\" alt=\"\" data-id=\"290\" data-link=\"https:\/\/2019.lodz.wordcamp.org\/lokalizacja\/21366650_1957036791213381_2387684437537781792_o\/\" class=\"wp-image-290\" srcset=\"https:\/\/lodz.wordcamp.org\/2019\/files\/2019\/06\/21366650_1957036791213381_2387684437537781792_o-1024x681.jpg 1024w, https:\/\/lodz.wordcamp.org\/2019\/files\/2019\/06\/21366650_1957036791213381_2387684437537781792_o-300x200.jpg 300w, https:\/\/lodz.wordcamp.org\/2019\/files\/2019\/06\/21366650_1957036791213381_2387684437537781792_o-768x511.jpg 768w, https:\/\/lodz.wordcamp.org\/2019\/files\/2019\/06\/21366650_1957036791213381_2387684437537781792_o-451x300.jpg 451w, https:\/\/lodz.wordcamp.org\/2019\/files\/2019\/06\/21366650_1957036791213381_2387684437537781792_o.jpg 1037w\" sizes=\"auto, (max-width: 1024px) 100vw, 1024px\" \/><\/a><\/figure><\/li><li class=\"blocks-gallery-item\"><figure><a href=\"https:\/\/2019.lodz.wordcamp.org\/files\/2019\/06\/21319094_1957036991213361_4299526969373511849_o-1024x681.jpg\"><img loading=\"lazy\" decoding=\"async\" width=\"1024\" height=\"681\" src=\"https:\/\/2019.lodz.wordcamp.org\/files\/2019\/06\/21319094_1957036991213361_4299526969373511849_o-1024x681.jpg\" alt=\"\" data-id=\"288\" data-link=\"https:\/\/2019.lodz.wordcamp.org\/lokalizacja\/21319094_1957036991213361_4299526969373511849_o\/\" class=\"wp-image-288\" srcset=\"https:\/\/lodz.wordcamp.org\/2019\/files\/2019\/06\/21319094_1957036991213361_4299526969373511849_o-1024x681.jpg 1024w, https:\/\/lodz.wordcamp.org\/2019\/files\/2019\/06\/21319094_1957036991213361_4299526969373511849_o-300x200.jpg 300w, https:\/\/lodz.wordcamp.org\/2019\/files\/2019\/06\/21319094_1957036991213361_4299526969373511849_o-768x511.jpg 768w, https:\/\/lodz.wordcamp.org\/2019\/files\/2019\/06\/21319094_1957036991213361_4299526969373511849_o-451x300.jpg 451w, https:\/\/lodz.wordcamp.org\/2019\/files\/2019\/06\/21319094_1957036991213361_4299526969373511849_o.jpg 2048w\" sizes=\"auto, (max-width: 1024px) 100vw, 1024px\" \/><\/a><\/figure><\/li><\/ul>\n\n\n\n<p><small>Zdj\u0119cia pochodz\u0105 z  <a href=\"https:\/\/www.facebook.com\/Hotel_Ambasador_Premium-1957006594549734\/\" rel=\"nofollow\">Hotel Ambasador Premium Facebook<\/a><\/small><\/p>\n\n\n\n<p>Jak dotrze\u0107 do hotelu?<\/p>\n\n\n\n<ul class=\"wp-block-list\"><li><strong>Komunikacja miejska:<\/strong><br>Tramwaje: 1, 5, 8, 10. 14, 18 (linia 18 kursuje od poniedzia\u0142ku do pi\u0105tku tylko w godzinach szczytu)<br>Autobusy: 57<br>Bilety MPK: pe\u0142en cennik znajdziecie na <a rel=\"noreferrer noopener\" aria-label=\"stronie przewo\u017anika MPK (opens in a new tab)\" href=\"http:\/\/mpk.lodz.pl\/showarticleslist.action?category=1280&amp;Bilety+jednorazowe\" target=\"_blank\">stronie przewo\u017anika MPK<\/a>, funkcjonuj\u0105 u nas zar\u00f3wno bilety czasowe jak i d\u0142ugoterminowe<\/li><li><strong>Taxi:<\/strong><br>Do popularnych sieci nale\u017cy <a rel=\"noreferrer noopener\" aria-label=\" (opens in a new tab)\" href=\"http:\/\/www.green-cab.pl\/index.php\" target=\"_blank\">Green Cab<\/a>, <a rel=\"noreferrer noopener\" aria-label=\"Taxi Plus (opens in a new tab)\" href=\"http:\/\/www.taxi-plus.pl\/\" target=\"_blank\">Taxi Plus<\/a>, <a rel=\"noreferrer noopener\" aria-label=\"Taxi 400 (opens in a new tab)\" href=\"http:\/\/400.pl\/\" target=\"_blank\">Taxi 400<\/a>, <a aria-label=\"DeDriver (opens in a new tab)\" href=\"https:\/\/www.facebook.com\/pages\/category\/Cargo---Freight-Company\/DeDriver-Szybko-I-Bezpiecznie-762605840536566\/\" target=\"_blank\" rel=\"noreferrer noopener nofollow\">DeDriver<\/a><\/li><li><strong>Samoch\u00f3d:<\/strong><br>Je\u017celi poruszacie si\u0119 za pomoc\u0105 w\u0142asnego pojazdu &#8211; w pobli\u017cu znajdziecie kilka parking\u00f3w, ale bior\u0105c pod uwag\u0119 lokalizacj\u0119 Hotelu sugerujemy pozostawienie auta pod swoim hotelem lub innym miejscem tymczasowego pobytu w \u0141odzi i skorzystanie z komunikacji miejskiej.<\/li><\/ul>\n","protected":false},"excerpt":{"rendered":"<p>Tegoroczny WordCamp \u0141\u00f3d\u017a odb\u0119dzie si\u0119 w samym centrum miasta w Hotelu Ambasador Premium przy ulicy Kili\u0144skiego 145. Ka\u017cda cz\u0119\u015b\u0107 eventu czyli Contributor Day (22 listopad), dwa dni konferencyjne (23-24 listopad) oraz Middle Party odb\u0119d\u0105 si\u0119 w\u0142a\u015bnie tutaj, w jednym miejscu. Lokalizacja na mapie: Adres: Kili\u0144skiego 145, 90-315 \u0141\u00f3d\u017aFacebook: https:\/\/www.facebook.com\/Hotel_Ambasador_Premium-1957006594549734\/ Hotel znajduje si\u0119 w bliskim s\u0105siedztwie &hellip; <a href=\"https:\/\/lodz.wordcamp.org\/2019\/lokalizacja\/\" class=\"more-link\">Czytaj dalej<span class=\"screen-reader-text\"> \u201eLokalizacja\u201d<\/span><\/a><\/p>\n","protected":false},"author":13842562,"featured_media":0,"parent":0,"menu_order":0,"comment_status":"closed","ping_status":"closed","template":"","meta":{"jetpack_post_was_ever_published":false,"footnotes":""},"class_list":["post-11","page","type-page","status-publish","hentry"],"jetpack_sharing_enabled":true,"jetpack_shortlink":"https:\/\/wp.me\/PaUnkX-b","_links":{"self":[{"href":"https:\/\/lodz.wordcamp.org\/2019\/wp-json\/wp\/v2\/pages\/11","targetHints":{"allow":["GET"]}}],"collection":[{"href":"https:\/\/lodz.wordcamp.org\/2019\/wp-json\/wp\/v2\/pages"}],"about":[{"href":"https:\/\/lodz.wordcamp.org\/2019\/wp-json\/wp\/v2\/types\/page"}],"author":[{"embeddable":true,"href":"https:\/\/lodz.wordcamp.org\/2019\/wp-json\/wp\/v2\/users\/13842562"}],"replies":[{"embeddable":true,"href":"https:\/\/lodz.wordcamp.org\/2019\/wp-json\/wp\/v2\/comments?post=11"}],"version-history":[{"count":10,"href":"https:\/\/lodz.wordcamp.org\/2019\/wp-json\/wp\/v2\/pages\/11\/revisions"}],"predecessor-version":[{"id":300,"href":"https:\/\/lodz.wordcamp.org\/2019\/wp-json\/wp\/v2\/pages\/11\/revisions\/300"}],"wp:attachment":[{"href":"https:\/\/lodz.wordcamp.org\/2019\/wp-json\/wp\/v2\/media?parent=11"}],"curies":[{"name":"wp","href":"https:\/\/api.w.org\/{rel}","templated":true}]}}